{"id":178740,"date":"2022-02-16T15:51:33","date_gmt":"2022-02-16T15:51:33","guid":{"rendered":"https:\/\/buyminicampers.com\/prodany-obytny-vuz\/"},"modified":"2025-06-13T09:28:30","modified_gmt":"2025-06-13T09:28:30","slug":"prodany-obytny-vuz","status":"publish","type":"page","link":"https:\/\/buyminicampers.com\/cs\/prodany-obytny-vuz\/","title":{"rendered":"Prodan\u00fd obytn\u00fd v\u016fz"},"content":{"rendered":"\t\t<div data-elementor-type=\"wp-page\" data-elementor-id=\"178740\" class=\"elementor elementor-178740 elementor-2792\" data-elementor-post-type=\"page\">\n\t\t\t\t\t\t<section class=\"elementor-section elementor-top-section elementor-element elementor-element-cc5b487 elementor-section-height-min-height elementor-section-stretched elementor-section-content-middle elementor-section-boxed elementor-section-height-default elementor-section-items-middle\" data-id=\"cc5b487\" data-element_type=\"section\" data-settings=\"{&quot;stretch_section&quot;:&quot;section-stretched&quot;,&quot;background_background&quot;:&quot;gradient&quot;}\">\n\t\t\t\t\t\t<div class=\"elementor-container elementor-column-gap-default\">\n\t\t\t\t\t<div class=\"elementor-column elementor-col-100 elementor-top-column elementor-element elementor-element-03c24db\" data-id=\"03c24db\" data-element_type=\"column\">\n\t\t\t<div class=\"elementor-widget-wrap elementor-element-populated\">\n\t\t\t\t\t\t<div class=\"elementor-element elementor-element-64cf295 elementor-widget elementor-widget-heading\" data-id=\"64cf295\" data-element_type=\"widget\" data-widget_type=\"heading.default\">\n\t\t\t\t<div class=\"elementor-widget-container\">\n\t\t\t\t\t<h1 class=\"elementor-heading-title elementor-size-default\">V\u00e1mi hledan\u00fd obytn\u00fd v\u016fz byl ji\u017e prod\u00e1n!<\/h1>\t\t\t\t<\/div>\n\t\t\t\t<\/div>\n\t\t\t\t\t<\/div>\n\t\t<\/div>\n\t\t\t\t\t<\/div>\n\t\t<\/section>\n\t\t\t\t<section class=\"elementor-section elementor-top-section elementor-element elementor-element-45c8fde elementor-section-stretched elementor-section-boxed elementor-section-height-default elementor-section-height-default\" data-id=\"45c8fde\" data-element_type=\"section\" data-settings=\"{&quot;stretch_section&quot;:&quot;section-stretched&quot;,&quot;background_background&quot;:&quot;classic&quot;}\">\n\t\t\t\t\t\t<div class=\"elementor-container elementor-column-gap-default\">\n\t\t\t\t\t<div class=\"elementor-column elementor-col-100 elementor-top-column elementor-element elementor-element-d2d146c\" data-id=\"d2d146c\" data-element_type=\"column\">\n\t\t\t<div class=\"elementor-widget-wrap elementor-element-populated\">\n\t\t\t\t\t\t<div class=\"elementor-element elementor-element-56f5eb3 elementor-widget elementor-widget-heading\" data-id=\"56f5eb3\" data-element_type=\"widget\" data-widget_type=\"heading.default\">\n\t\t\t\t<div class=\"elementor-widget-container\">\n\t\t\t\t\t<h2 class=\"elementor-heading-title elementor-size-default\">D\u011bkujeme za v\u00e1\u0161 z\u00e1jem!<\/h2>\t\t\t\t<\/div>\n\t\t\t\t<\/div>\n\t\t\t\t<div class=\"elementor-element elementor-element-df071d9 elementor-widget elementor-widget-text-editor\" data-id=\"df071d9\" data-element_type=\"widget\" data-widget_type=\"text-editor.default\">\n\t\t\t\t<div class=\"elementor-widget-container\">\n\t\t\t\t\t\t\t\t\t<p>Tento obytn\u00fd v\u016fz byl ji\u017e prod\u00e1n. M\u016f\u017eete <a href=\"https:\/\/buyminicampers.com\/cs\/kontaktujte-nas\/\">n\u00e1s kontaktovat<\/a> a z\u00edskat aktu\u00e1ln\u00ed informace, jakmile budeme m\u00edt nov\u00e9 obytn\u00e9 vozy na prodej. <\/p>\t\t\t\t\t\t\t\t<\/div>\n\t\t\t\t<\/div>\n\t\t\t\t<div class=\"elementor-element elementor-element-e5ef2da elementor-widget elementor-widget-text-editor\" data-id=\"e5ef2da\" data-element_type=\"widget\" data-widget_type=\"text-editor.default\">\n\t\t\t\t<div class=\"elementor-widget-container\">\n\t\t\t\t\t\t\t\t\t<p><strong><span style=\"color: #1e3440;\">Chcete si ov\u011b\u0159it, zda je mini obytn\u00fd v\u016fz n\u011bco pro v\u00e1s?<\/span><\/strong><\/p>\t\t\t\t\t\t\t\t<\/div>\n\t\t\t\t<\/div>\n\t\t\t\t<div class=\"elementor-element elementor-element-cb8a70b elementor-widget elementor-widget-text-editor\" data-id=\"cb8a70b\" data-element_type=\"widget\" data-widget_type=\"text-editor.default\">\n\t\t\t\t<div class=\"elementor-widget-container\">\n\t\t\t\t\t\t\t\t\t<p>Jeden z na\u0161ich mini obytn\u00fdch voz\u016f si m\u016f\u017eete pronajmout na <a href=\"http:\/\/www.oceancamper.com\">adrese www.oceancamper.com!<\/a><\/p>\t\t\t\t\t\t\t\t<\/div>\n\t\t\t\t<\/div>\n\t\t\t\t\t<\/div>\n\t\t<\/div>\n\t\t\t\t\t<\/div>\n\t\t<\/section>\n\t\t\t\t<\/div>\n\t\t","protected":false},"excerpt":{"rendered":"<p>V\u00e1mi hledan\u00fd obytn\u00fd v\u016fz byl ji\u017e prod\u00e1n! D\u011bkujeme za v\u00e1\u0161 z\u00e1jem! Tento obytn\u00fd v\u016fz byl ji\u017e prod\u00e1n. M\u016f\u017eete n\u00e1s kontaktovat a z\u00edskat aktu\u00e1ln\u00ed informace, jakmile budeme m\u00edt nov\u00e9 obytn\u00e9 vozy na prodej. Chcete si ov\u011b\u0159it, zda je mini obytn\u00fd v\u016fz n\u011bco pro v\u00e1s? Jeden z na\u0161ich mini obytn\u00fdch voz\u016f si m\u016f\u017eete pronajmout na adrese www.oceancamper.com!<\/p>\n","protected":false},"author":1,"featured_media":178741,"parent":0,"menu_order":0,"comment_status":"closed","ping_status":"closed","template":"elementor_header_footer","meta":{"footnotes":""},"class_list":["post-178740","page","type-page","status-publish","has-post-thumbnail","hentry"],"aioseo_notices":[],"_links":{"self":[{"href":"https:\/\/buyminicampers.com\/cs\/wp-json\/wp\/v2\/pages\/178740","targetHints":{"allow":["GET"]}}],"collection":[{"href":"https:\/\/buyminicampers.com\/cs\/wp-json\/wp\/v2\/pages"}],"about":[{"href":"https:\/\/buyminicampers.com\/cs\/wp-json\/wp\/v2\/types\/page"}],"author":[{"embeddable":true,"href":"https:\/\/buyminicampers.com\/cs\/wp-json\/wp\/v2\/users\/1"}],"replies":[{"embeddable":true,"href":"https:\/\/buyminicampers.com\/cs\/wp-json\/wp\/v2\/comments?post=178740"}],"version-history":[{"count":2,"href":"https:\/\/buyminicampers.com\/cs\/wp-json\/wp\/v2\/pages\/178740\/revisions"}],"predecessor-version":[{"id":178751,"href":"https:\/\/buyminicampers.com\/cs\/wp-json\/wp\/v2\/pages\/178740\/revisions\/178751"}],"wp:featuredmedia":[{"embeddable":true,"href":"https:\/\/buyminicampers.com\/cs\/wp-json\/wp\/v2\/media\/178741"}],"wp:attachment":[{"href":"https:\/\/buyminicampers.com\/cs\/wp-json\/wp\/v2\/media?parent=178740"}],"curies":[{"name":"wp","href":"https:\/\/api.w.org\/{rel}","templated":true}]}}