{"id":178756,"date":"2022-02-16T15:05:24","date_gmt":"2022-02-16T15:05:24","guid":{"rendered":"https:\/\/buyminicampers.com\/podminky-a-pravidla\/"},"modified":"2025-06-13T09:34:49","modified_gmt":"2025-06-13T09:34:49","slug":"podminky-a-pravidla","status":"publish","type":"page","link":"https:\/\/buyminicampers.com\/cs\/podminky-a-pravidla\/","title":{"rendered":"Podm\u00ednky a pravidla"},"content":{"rendered":"\t\t<div data-elementor-type=\"wp-page\" data-elementor-id=\"178756\" class=\"elementor elementor-178756 elementor-2783\" data-elementor-post-type=\"page\">\n\t\t\t\t\t\t<section class=\"elementor-section elementor-top-section elementor-element elementor-element-b4d0df9 elementor-section-height-min-height elementor-section-stretched elementor-section-content-middle elementor-section-boxed elementor-section-height-default elementor-section-items-middle\" data-id=\"b4d0df9\" data-element_type=\"section\" data-settings=\"{&quot;stretch_section&quot;:&quot;section-stretched&quot;,&quot;background_background&quot;:&quot;classic&quot;}\">\n\t\t\t\t\t\t\t<div class=\"elementor-background-overlay\"><\/div>\n\t\t\t\t\t\t\t<div class=\"elementor-container elementor-column-gap-default\">\n\t\t\t\t\t<div class=\"elementor-column elementor-col-100 elementor-top-column elementor-element elementor-element-faa13eb\" data-id=\"faa13eb\" data-element_type=\"column\">\n\t\t\t<div class=\"elementor-widget-wrap elementor-element-populated\">\n\t\t\t\t\t\t<div class=\"elementor-element elementor-element-25c194d elementor-widget elementor-widget-heading\" data-id=\"25c194d\" data-element_type=\"widget\" data-widget_type=\"heading.default\">\n\t\t\t\t<div class=\"elementor-widget-container\">\n\t\t\t\t\t<h1 class=\"elementor-heading-title elementor-size-default\">Podm\u00ednky a pravidla<\/h1>\t\t\t\t<\/div>\n\t\t\t\t<\/div>\n\t\t\t\t\t<\/div>\n\t\t<\/div>\n\t\t\t\t\t<\/div>\n\t\t<\/section>\n\t\t\t\t<section class=\"elementor-section elementor-top-section elementor-element elementor-element-da7a766 elementor-section-stretched elementor-section-boxed elementor-section-height-default elementor-section-height-default\" data-id=\"da7a766\" data-element_type=\"section\" data-settings=\"{&quot;stretch_section&quot;:&quot;section-stretched&quot;,&quot;background_background&quot;:&quot;classic&quot;}\">\n\t\t\t\t\t\t<div class=\"elementor-container elementor-column-gap-default\">\n\t\t\t\t\t<div class=\"elementor-column elementor-col-100 elementor-top-column elementor-element elementor-element-81c967f\" data-id=\"81c967f\" data-element_type=\"column\">\n\t\t\t<div class=\"elementor-widget-wrap elementor-element-populated\">\n\t\t\t\t\t\t<section class=\"elementor-section elementor-inner-section elementor-element elementor-element-a44bedf elementor-section-boxed elementor-section-height-default elementor-section-height-default\" data-id=\"a44bedf\" data-element_type=\"section\">\n\t\t\t\t\t\t<div class=\"elementor-container elementor-column-gap-default\">\n\t\t\t\t\t<div class=\"elementor-column elementor-col-100 elementor-inner-column elementor-element elementor-element-db8fb3f\" data-id=\"db8fb3f\" data-element_type=\"column\">\n\t\t\t<div class=\"elementor-widget-wrap elementor-element-populated\">\n\t\t\t\t\t\t<div class=\"elementor-element elementor-element-0ce798e elementor-widget elementor-widget-accordion\" data-id=\"0ce798e\" data-element_type=\"widget\" data-widget_type=\"accordion.default\">\n\t\t\t\t<div class=\"elementor-widget-container\">\n\t\t\t\t\t\t\t<div class=\"elementor-accordion\">\n\t\t\t\t\t\t\t<div class=\"elementor-accordion-item\">\n\t\t\t\t\t<div id=\"elementor-tab-title-1351\" class=\"elementor-tab-title\" data-tab=\"1\" role=\"button\" aria-controls=\"elementor-tab-content-1351\" aria-expanded=\"false\">\n\t\t\t\t\t\t\t\t\t\t\t\t\t<span class=\"elementor-accordion-icon elementor-accordion-icon-left\" aria-hidden=\"true\">\n\t\t\t\t\t\t\t\t\t\t\t\t\t\t\t<span class=\"elementor-accordion-icon-closed\"><i class=\"fas fa-plus\"><\/i><\/span>\n\t\t\t\t\t\t\t\t<span class=\"elementor-accordion-icon-opened\"><i class=\"fas fa-minus\"><\/i><\/span>\n\t\t\t\t\t\t\t\t\t\t\t\t\t\t<\/span>\n\t\t\t\t\t\t\t\t\t\t\t\t<a class=\"elementor-accordion-title\" tabindex=\"0\">Z\u00e1sady pou\u017e\u00edv\u00e1n\u00ed soubor\u016f cookie a ochrany osobn\u00edch \u00fadaj\u016f<\/a>\n\t\t\t\t\t<\/div>\n\t\t\t\t\t<div id=\"elementor-tab-content-1351\" class=\"elementor-tab-content elementor-clearfix\" data-tab=\"1\" role=\"region\" aria-labelledby=\"elementor-tab-title-1351\"><h5>C\u00edl str\u00e1nky<\/h5>\n<p>Tento dokument obsahuje podm\u00ednky pou\u017e\u00edv\u00e1n\u00ed a podm\u00ednky, za kter\u00fdch spole\u010dnost Oceancamper zp\u0159\u00edstup\u0148uje sv\u00e9 webov\u00e9 str\u00e1nky buyminicampers.com u\u017eivatel\u016fm.<\/p>\n<p>Jak\u00fdkoli p\u0159\u00edstup na Str\u00e1nky a jejich pou\u017e\u00edv\u00e1n\u00ed mus\u00ed b\u00fdt v souladu s t\u011bmito podm\u00ednkami pou\u017e\u00edv\u00e1n\u00ed, kter\u00e9 si spole\u010dnost Oceancamper vyhrazuje pr\u00e1vo kdykoli upravit, opravit nebo aktualizovat. P\u0159i p\u0159\u00edstupu na str\u00e1nky buyminicampers.com a jejich pou\u017e\u00edv\u00e1n\u00ed u\u017eivatel pln\u011b a bez v\u00fdhrad p\u0159ij\u00edm\u00e1 v\u0161echna ustanoven\u00ed obsa\u017een\u00e1 v podm\u00ednk\u00e1ch pou\u017e\u00edv\u00e1n\u00ed. Pokud U\u017eivatel z jak\u00e9hokoli d\u016fvodu s podm\u00ednkami zde uveden\u00fdmi pln\u011b nesouhlas\u00ed, nem\u011bl by na Str\u00e1nky p\u0159istupovat\/u\u017e\u00edvat je.  <\/p>\n<p>Na\u0161e webov\u00e1 adresa je: https:\/\/buyminicampers.com<\/p>\n<h5>Editor webu:<\/h5>\n<p>NomadCanguru, Lda.<br \/>Rua Aquilino Ribeiro 124, 8005-177 Faro, Portugalsko<br \/>Tel: +351 920301044<br \/>buyminicampers.com<br \/>\u0158editel publikace: Nina Solyukova<br \/>Zodpov\u011bdn\u00e1 za psan\u00ed: Nina Solyukova, PhD: Nina Solyukova<\/p>\n<h4>Jak\u00e9 osobn\u00ed \u00fadaje shroma\u017e\u010fujeme a pro\u010d je shroma\u017e\u010fujeme<\/h4>\n<h5>Revize pozv\u00e1nek a zpracov\u00e1n\u00ed dat<\/h5>\n<p>Spr\u00e1vce a zpracovatel \u00fadaj\u016f: Ocean Camper (buyminicampers.com) vystupuje jako spr\u00e1vce va\u0161ich osobn\u00edch \u00fadaj\u016f p\u0159i zas\u00edl\u00e1n\u00ed e-mail\u016f s pozv\u00e1nkou na recenzi prost\u0159ednictv\u00edm r\u016fzn\u00fdch platforem. Tyto platformy, jako nap\u0159\u00edklad Trustpilot, v t\u00e9to souvislosti vystupuj\u00ed jako zpracovatel\u00e9 \u00fadaj\u016f. Ob\u011b strany zaji\u0161\u0165uj\u00ed, aby s va\u0161imi \u00fadaji bylo nakl\u00e1d\u00e1no bezpe\u010dn\u011b a v souladu s platn\u00fdmi z\u00e1kony.  <\/p>\n<p>Souhlas a odhl\u00e1\u0161en\u00ed: Pron\u00e1jmem na\u0161ich kemp\u016f souhlas\u00edte s t\u00edm, \u017ee od n\u00e1s budete dost\u00e1vat e-maily s pozv\u00e1nkami na recenze prost\u0159ednictv\u00edm r\u016fzn\u00fdch platforem. Pokud si p\u0159ejete tato sd\u011blen\u00ed odhl\u00e1sit, m\u016f\u017eete se z odb\u011bru odhl\u00e1sit pomoc\u00ed odkazu uveden\u00e9ho v e-mailu nebo n\u00e1s m\u016f\u017eete kontaktovat p\u0159\u00edmo. <\/p>\n<p>\u00da\u010del pou\u017eit\u00ed \u00fadaj\u016f: Va\u0161e osobn\u00ed \u00fadaje, v\u010detn\u011b va\u0161\u00ed e-mailov\u00e9 adresy a \u00fadaj\u016f o zku\u0161enostech s pron\u00e1jmem, budou pou\u017eity v\u00fdhradn\u011b k zas\u00edl\u00e1n\u00ed pozv\u00e1nek k recenzi. Tyto \u00fadaje mohou b\u00fdt sd\u00edleny s r\u016fzn\u00fdmi platformami pro recenze, abychom usnadnili tento proces a zlep\u0161ili na\u0161e slu\u017eby. <\/p>\n<p>Opat\u0159en\u00ed na ochranu \u00fadaj\u016f: Zav\u00e1d\u00edme p\u0159\u00edsn\u00e1 bezpe\u010dnostn\u00ed opat\u0159en\u00ed na ochranu va\u0161ich osobn\u00edch \u00fadaj\u016f, jako je \u0161ifrov\u00e1n\u00ed, kontrola p\u0159\u00edstupu a pravideln\u00e9 bezpe\u010dnostn\u00ed audity.<\/p>\n<p>Pr\u00e1va u\u017eivatele: M\u00e1te pr\u00e1vo na p\u0159\u00edstup ke sv\u00fdm osobn\u00edm \u00fadaj\u016fm, jejich opravu nebo vymaz\u00e1n\u00ed. Pokud m\u00e1te jak\u00e9koli dotazy nebo obavy t\u00fdkaj\u00edc\u00ed se va\u0161ich \u00fadaj\u016f, kontaktujte n\u00e1s. <\/p>\n<h5>M\u00e9dia<\/h5>\n<p>Pokud na webov\u00e9 str\u00e1nky nahr\u00e1v\u00e1te sn\u00edmky, m\u011bli byste se vyhnout nahr\u00e1v\u00e1n\u00ed sn\u00edmk\u016f s vlo\u017een\u00fdmi \u00fadaji o poloze (EXIF GPS). N\u00e1v\u0161t\u011bvn\u00edci webov\u00fdch str\u00e1nek si mohou z obr\u00e1zk\u016f na webov\u00fdch str\u00e1nk\u00e1ch st\u00e1hnout a extrahovat jak\u00e1koli data o poloze. <\/p>\n<h5>Kontaktn\u00ed formul\u00e1\u0159e<\/h5>\n<p>Tato str\u00e1nka je chr\u00e1n\u011bna pomoc\u00ed reCAPTCHA a plat\u00ed na ni z\u00e1sady ochrany osobn\u00edch \u00fadaj\u016f a podm\u00ednky slu\u017eby Google.<\/p>\n<h5>Soubory cookie<\/h5>\n<p>Pokud na na\u0161ich str\u00e1nk\u00e1ch zanech\u00e1te koment\u00e1\u0159, m\u016f\u017eete souhlasit s ulo\u017een\u00edm va\u0161eho jm\u00e9na, e-mailov\u00e9 adresy a webov\u00e9 str\u00e1nky do soubor\u016f cookie. Ty slou\u017e\u00ed k va\u0161emu pohodl\u00ed, abyste p\u0159i zanech\u00e1n\u00ed dal\u0161\u00edho koment\u00e1\u0159e nemuseli znovu vypl\u0148ovat sv\u00e9 \u00fadaje. Tyto soubory cookie vydr\u017e\u00ed jeden rok.<br \/>Pokud nav\u0161t\u00edv\u00edte na\u0161i p\u0159ihla\u0161ovac\u00ed str\u00e1nku, nastav\u00edme do\u010dasn\u00fd soubor cookie, abychom zjistili, zda v\u00e1\u0161 prohl\u00ed\u017ee\u010d p\u0159ij\u00edm\u00e1 soubory cookie. Tento soubor cookie neobsahuje \u017e\u00e1dn\u00e9 osobn\u00ed \u00fadaje a po zav\u0159en\u00ed prohl\u00ed\u017ee\u010de se zlikviduje.   <\/p>\n<h5>Vlo\u017een\u00fd obsah z jin\u00fdch webov\u00fdch str\u00e1nek<\/h5>\n<p>\u010cl\u00e1nky na t\u011bchto str\u00e1nk\u00e1ch mohou obsahovat vlo\u017een\u00fd obsah (nap\u0159. videa, obr\u00e1zky, \u010dl\u00e1nky atd.). Vlo\u017een\u00fd obsah z jin\u00fdch webov\u00fdch str\u00e1nek se chov\u00e1 \u00fapln\u011b stejn\u011b, jako kdyby n\u00e1v\u0161t\u011bvn\u00edk nav\u0161t\u00edvil jinou webovou str\u00e1nku.<br \/>Tyto webov\u00e9 str\u00e1nky mohou shroma\u017e\u010fovat \u00fadaje o v\u00e1s, pou\u017e\u00edvat soubory cookie, vkl\u00e1dat dal\u0161\u00ed sledov\u00e1n\u00ed t\u0159et\u00edch stran a sledovat va\u0161i interakci s t\u00edmto vlo\u017een\u00fdm obsahem, v\u010detn\u011b sledov\u00e1n\u00ed va\u0161\u00ed interakce s vlo\u017een\u00fdm obsahem, pokud m\u00e1te \u00fa\u010det a jste na dan\u00e9 webov\u00e9 str\u00e1nce p\u0159ihl\u00e1\u0161eni. <\/p>\n<h5>Jak dlouho va\u0161e \u00fadaje uchov\u00e1v\u00e1me<\/h5>\n<p>Pokud zanech\u00e1te koment\u00e1\u0159, koment\u00e1\u0159 a jeho metadata se uchov\u00e1vaj\u00ed po neomezenou dobu. Je to proto, abychom mohli automaticky rozpoznat a schv\u00e1lit p\u0159\u00edpadn\u00e9 dal\u0161\u00ed koment\u00e1\u0159e, m\u00edsto abychom je dr\u017eeli ve front\u011b na moderov\u00e1n\u00ed.<br \/>U u\u017eivatel\u016f, kte\u0159\u00ed se na na\u0161ich webov\u00fdch str\u00e1nk\u00e1ch zaregistruj\u00ed (pokud existuj\u00ed), ukl\u00e1d\u00e1me tak\u00e9 osobn\u00ed \u00fadaje, kter\u00e9 poskytnou ve sv\u00e9m u\u017eivatelsk\u00e9m profilu. V\u0161ichni u\u017eivatel\u00e9 mohou sv\u00e9 osobn\u00ed \u00fadaje kdykoli zobrazit, upravit nebo smazat (krom\u011b toho, \u017ee nemohou zm\u011bnit sv\u00e9 u\u017eivatelsk\u00e9 jm\u00e9no). Tyto informace mohou vid\u011bt a upravovat tak\u00e9 spr\u00e1vci webov\u00fdch str\u00e1nek.   <\/p>\n<\/div>\n\t\t\t\t<\/div>\n\t\t\t\t\t\t\t\t<\/div>\n\t\t\t\t\t\t<\/div>\n\t\t\t\t<\/div>\n\t\t\t\t\t<\/div>\n\t\t<\/div>\n\t\t\t\t\t<\/div>\n\t\t<\/section>\n\t\t\t\t\t<\/div>\n\t\t<\/div>\n\t\t\t\t\t<\/div>\n\t\t<\/section>\n\t\t\t\t<\/div>\n\t\t","protected":false},"excerpt":{"rendered":"<p>Podm\u00ednky a pravidla Z\u00e1sady pou\u017e\u00edv\u00e1n\u00ed soubor\u016f cookie a ochrany osobn\u00edch \u00fadaj\u016f C\u00edl str\u00e1nky Tento dokument obsahuje podm\u00ednky pou\u017e\u00edv\u00e1n\u00ed a podm\u00ednky, za kter\u00fdch spole\u010dnost Oceancamper zp\u0159\u00edstup\u0148uje sv\u00e9 webov\u00e9 str\u00e1nky buyminicampers.com u\u017eivatel\u016fm. Jak\u00fdkoli p\u0159\u00edstup na Str\u00e1nky a jejich pou\u017e\u00edv\u00e1n\u00ed mus\u00ed b\u00fdt v souladu s t\u011bmito podm\u00ednkami pou\u017e\u00edv\u00e1n\u00ed, kter\u00e9 si spole\u010dnost Oceancamper vyhrazuje pr\u00e1vo kdykoli upravit, opravit nebo [&hellip;]<\/p>\n","protected":false},"author":1,"featured_media":0,"parent":0,"menu_order":0,"comment_status":"closed","ping_status":"closed","template":"elementor_header_footer","meta":{"footnotes":""},"class_list":["post-178756","page","type-page","status-publish","hentry"],"aioseo_notices":[],"_links":{"self":[{"href":"https:\/\/buyminicampers.com\/cs\/wp-json\/wp\/v2\/pages\/178756","targetHints":{"allow":["GET"]}}],"collection":[{"href":"https:\/\/buyminicampers.com\/cs\/wp-json\/wp\/v2\/pages"}],"about":[{"href":"https:\/\/buyminicampers.com\/cs\/wp-json\/wp\/v2\/types\/page"}],"author":[{"embeddable":true,"href":"https:\/\/buyminicampers.com\/cs\/wp-json\/wp\/v2\/users\/1"}],"replies":[{"embeddable":true,"href":"https:\/\/buyminicampers.com\/cs\/wp-json\/wp\/v2\/comments?post=178756"}],"version-history":[{"count":2,"href":"https:\/\/buyminicampers.com\/cs\/wp-json\/wp\/v2\/pages\/178756\/revisions"}],"predecessor-version":[{"id":178796,"href":"https:\/\/buyminicampers.com\/cs\/wp-json\/wp\/v2\/pages\/178756\/revisions\/178796"}],"wp:attachment":[{"href":"https:\/\/buyminicampers.com\/cs\/wp-json\/wp\/v2\/media?parent=178756"}],"curies":[{"name":"wp","href":"https:\/\/api.w.org\/{rel}","templated":true}]}}