{"id":178764,"date":"2022-02-16T15:51:33","date_gmt":"2022-02-16T15:51:33","guid":{"rendered":"https:\/\/buyminicampers.com\/campervan-solgt\/"},"modified":"2025-06-13T09:30:41","modified_gmt":"2025-06-13T09:30:41","slug":"campervan-solgt","status":"publish","type":"page","link":"https:\/\/buyminicampers.com\/da\/campervan-solgt\/","title":{"rendered":"Campervan solgt"},"content":{"rendered":"\t\t<div data-elementor-type=\"wp-page\" data-elementor-id=\"178764\" class=\"elementor elementor-178764 elementor-2792\" data-elementor-post-type=\"page\">\n\t\t\t\t\t\t<section class=\"elementor-section elementor-top-section elementor-element elementor-element-cc5b487 elementor-section-height-min-height elementor-section-stretched elementor-section-content-middle elementor-section-boxed elementor-section-height-default elementor-section-items-middle\" data-id=\"cc5b487\" data-element_type=\"section\" data-settings=\"{&quot;stretch_section&quot;:&quot;section-stretched&quot;,&quot;background_background&quot;:&quot;gradient&quot;}\">\n\t\t\t\t\t\t<div class=\"elementor-container elementor-column-gap-default\">\n\t\t\t\t\t<div class=\"elementor-column elementor-col-100 elementor-top-column elementor-element elementor-element-03c24db\" data-id=\"03c24db\" data-element_type=\"column\">\n\t\t\t<div class=\"elementor-widget-wrap elementor-element-populated\">\n\t\t\t\t\t\t<div class=\"elementor-element elementor-element-64cf295 elementor-widget elementor-widget-heading\" data-id=\"64cf295\" data-element_type=\"widget\" data-widget_type=\"heading.default\">\n\t\t\t\t<div class=\"elementor-widget-container\">\n\t\t\t\t\t<h1 class=\"elementor-heading-title elementor-size-default\">Den autocamper, du ledte efter, var allerede solgt!<\/h1>\t\t\t\t<\/div>\n\t\t\t\t<\/div>\n\t\t\t\t\t<\/div>\n\t\t<\/div>\n\t\t\t\t\t<\/div>\n\t\t<\/section>\n\t\t\t\t<section class=\"elementor-section elementor-top-section elementor-element elementor-element-45c8fde elementor-section-stretched elementor-section-boxed elementor-section-height-default elementor-section-height-default\" data-id=\"45c8fde\" data-element_type=\"section\" data-settings=\"{&quot;stretch_section&quot;:&quot;section-stretched&quot;,&quot;background_background&quot;:&quot;classic&quot;}\">\n\t\t\t\t\t\t<div class=\"elementor-container elementor-column-gap-default\">\n\t\t\t\t\t<div class=\"elementor-column elementor-col-100 elementor-top-column elementor-element elementor-element-d2d146c\" data-id=\"d2d146c\" data-element_type=\"column\">\n\t\t\t<div class=\"elementor-widget-wrap elementor-element-populated\">\n\t\t\t\t\t\t<div class=\"elementor-element elementor-element-56f5eb3 elementor-widget elementor-widget-heading\" data-id=\"56f5eb3\" data-element_type=\"widget\" data-widget_type=\"heading.default\">\n\t\t\t\t<div class=\"elementor-widget-container\">\n\t\t\t\t\t<h2 class=\"elementor-heading-title elementor-size-default\">Tak for din interesse!<\/h2>\t\t\t\t<\/div>\n\t\t\t\t<\/div>\n\t\t\t\t<div class=\"elementor-element elementor-element-df071d9 elementor-widget elementor-widget-text-editor\" data-id=\"df071d9\" data-element_type=\"widget\" data-widget_type=\"text-editor.default\">\n\t\t\t\t<div class=\"elementor-widget-container\">\n\t\t\t\t\t\t\t\t\t<p>Denne autocamper er allerede solgt. Du kan <a href=\"https:\/\/buyminicampers.com\/da\/kontakt-os\/\">kontakte os<\/a> for at blive opdateret, n\u00e5r vi har nye campervans til salg. <\/p>\t\t\t\t\t\t\t\t<\/div>\n\t\t\t\t<\/div>\n\t\t\t\t<div class=\"elementor-element elementor-element-e5ef2da elementor-widget elementor-widget-text-editor\" data-id=\"e5ef2da\" data-element_type=\"widget\" data-widget_type=\"text-editor.default\">\n\t\t\t\t<div class=\"elementor-widget-container\">\n\t\t\t\t\t\t\t\t\t<p><strong><span style=\"color: #1e3440;\">Vil du unders\u00f8ge, om en minicampingvogn er noget for dig?<\/span><\/strong><\/p>\t\t\t\t\t\t\t\t<\/div>\n\t\t\t\t<\/div>\n\t\t\t\t<div class=\"elementor-element elementor-element-cb8a70b elementor-widget elementor-widget-text-editor\" data-id=\"cb8a70b\" data-element_type=\"widget\" data-widget_type=\"text-editor.default\">\n\t\t\t\t<div class=\"elementor-widget-container\">\n\t\t\t\t\t\t\t\t\t<p>Du kan leje en af vores mini-campervans p\u00e5 <a href=\"http:\/\/www.oceancamper.com\">www.oceancamper.com!<\/a><\/p>\t\t\t\t\t\t\t\t<\/div>\n\t\t\t\t<\/div>\n\t\t\t\t\t<\/div>\n\t\t<\/div>\n\t\t\t\t\t<\/div>\n\t\t<\/section>\n\t\t\t\t<\/div>\n\t\t","protected":false},"excerpt":{"rendered":"<p>Den autocamper, du ledte efter, var allerede solgt! Tak for din interesse! Denne autocamper er allerede solgt. Du kan kontakte os for at blive opdateret, n\u00e5r vi har nye campervans til salg. Vil du unders\u00f8ge, om en minicampingvogn er noget for dig? Du kan leje en af vores mini-campervans p\u00e5 www.oceancamper.com!<\/p>\n","protected":false},"author":1,"featured_media":178765,"parent":0,"menu_order":0,"comment_status":"closed","ping_status":"closed","template":"elementor_header_footer","meta":{"footnotes":""},"class_list":["post-178764","page","type-page","status-publish","has-post-thumbnail","hentry"],"aioseo_notices":[],"_links":{"self":[{"href":"https:\/\/buyminicampers.com\/da\/wp-json\/wp\/v2\/pages\/178764","targetHints":{"allow":["GET"]}}],"collection":[{"href":"https:\/\/buyminicampers.com\/da\/wp-json\/wp\/v2\/pages"}],"about":[{"href":"https:\/\/buyminicampers.com\/da\/wp-json\/wp\/v2\/types\/page"}],"author":[{"embeddable":true,"href":"https:\/\/buyminicampers.com\/da\/wp-json\/wp\/v2\/users\/1"}],"replies":[{"embeddable":true,"href":"https:\/\/buyminicampers.com\/da\/wp-json\/wp\/v2\/comments?post=178764"}],"version-history":[{"count":1,"href":"https:\/\/buyminicampers.com\/da\/wp-json\/wp\/v2\/pages\/178764\/revisions"}],"predecessor-version":[{"id":178766,"href":"https:\/\/buyminicampers.com\/da\/wp-json\/wp\/v2\/pages\/178764\/revisions\/178766"}],"wp:featuredmedia":[{"embeddable":true,"href":"https:\/\/buyminicampers.com\/da\/wp-json\/wp\/v2\/media\/178765"}],"wp:attachment":[{"href":"https:\/\/buyminicampers.com\/da\/wp-json\/wp\/v2\/media?parent=178764"}],"curies":[{"name":"wp","href":"https:\/\/api.w.org\/{rel}","templated":true}]}}