{"id":178770,"date":"2022-02-16T15:05:24","date_gmt":"2022-02-16T15:05:24","guid":{"rendered":"https:\/\/buyminicampers.com\/vilkaar-og-betingelser\/"},"modified":"2025-06-13T09:34:49","modified_gmt":"2025-06-13T09:34:49","slug":"vilkaar-og-betingelser","status":"publish","type":"page","link":"https:\/\/buyminicampers.com\/da\/vilkaar-og-betingelser\/","title":{"rendered":"Vilk\u00e5r og betingelser"},"content":{"rendered":"\t\t<div data-elementor-type=\"wp-page\" data-elementor-id=\"178770\" class=\"elementor elementor-178770 elementor-2783\" data-elementor-post-type=\"page\">\n\t\t\t\t\t\t<section class=\"elementor-section elementor-top-section elementor-element elementor-element-b4d0df9 elementor-section-height-min-height elementor-section-stretched elementor-section-content-middle elementor-section-boxed elementor-section-height-default elementor-section-items-middle\" data-id=\"b4d0df9\" data-element_type=\"section\" data-settings=\"{&quot;stretch_section&quot;:&quot;section-stretched&quot;,&quot;background_background&quot;:&quot;classic&quot;}\">\n\t\t\t\t\t\t\t<div class=\"elementor-background-overlay\"><\/div>\n\t\t\t\t\t\t\t<div class=\"elementor-container elementor-column-gap-default\">\n\t\t\t\t\t<div class=\"elementor-column elementor-col-100 elementor-top-column elementor-element elementor-element-faa13eb\" data-id=\"faa13eb\" data-element_type=\"column\">\n\t\t\t<div class=\"elementor-widget-wrap elementor-element-populated\">\n\t\t\t\t\t\t<div class=\"elementor-element elementor-element-25c194d elementor-widget elementor-widget-heading\" data-id=\"25c194d\" data-element_type=\"widget\" data-widget_type=\"heading.default\">\n\t\t\t\t<div class=\"elementor-widget-container\">\n\t\t\t\t\t<h1 class=\"elementor-heading-title elementor-size-default\">Vilk\u00e5r og betingelser<\/h1>\t\t\t\t<\/div>\n\t\t\t\t<\/div>\n\t\t\t\t\t<\/div>\n\t\t<\/div>\n\t\t\t\t\t<\/div>\n\t\t<\/section>\n\t\t\t\t<section class=\"elementor-section elementor-top-section elementor-element elementor-element-da7a766 elementor-section-stretched elementor-section-boxed elementor-section-height-default elementor-section-height-default\" data-id=\"da7a766\" data-element_type=\"section\" data-settings=\"{&quot;stretch_section&quot;:&quot;section-stretched&quot;,&quot;background_background&quot;:&quot;classic&quot;}\">\n\t\t\t\t\t\t<div class=\"elementor-container elementor-column-gap-default\">\n\t\t\t\t\t<div class=\"elementor-column elementor-col-100 elementor-top-column elementor-element elementor-element-81c967f\" data-id=\"81c967f\" data-element_type=\"column\">\n\t\t\t<div class=\"elementor-widget-wrap elementor-element-populated\">\n\t\t\t\t\t\t<section class=\"elementor-section elementor-inner-section elementor-element elementor-element-a44bedf elementor-section-boxed elementor-section-height-default elementor-section-height-default\" data-id=\"a44bedf\" data-element_type=\"section\">\n\t\t\t\t\t\t<div class=\"elementor-container elementor-column-gap-default\">\n\t\t\t\t\t<div class=\"elementor-column elementor-col-100 elementor-inner-column elementor-element elementor-element-db8fb3f\" data-id=\"db8fb3f\" data-element_type=\"column\">\n\t\t\t<div class=\"elementor-widget-wrap elementor-element-populated\">\n\t\t\t\t\t\t<div class=\"elementor-element elementor-element-0ce798e elementor-widget elementor-widget-accordion\" data-id=\"0ce798e\" data-element_type=\"widget\" data-widget_type=\"accordion.default\">\n\t\t\t\t<div class=\"elementor-widget-container\">\n\t\t\t\t\t\t\t<div class=\"elementor-accordion\">\n\t\t\t\t\t\t\t<div class=\"elementor-accordion-item\">\n\t\t\t\t\t<div id=\"elementor-tab-title-1351\" class=\"elementor-tab-title\" data-tab=\"1\" role=\"button\" aria-controls=\"elementor-tab-content-1351\" aria-expanded=\"false\">\n\t\t\t\t\t\t\t\t\t\t\t\t\t<span class=\"elementor-accordion-icon elementor-accordion-icon-left\" aria-hidden=\"true\">\n\t\t\t\t\t\t\t\t\t\t\t\t\t\t\t<span class=\"elementor-accordion-icon-closed\"><i class=\"fas fa-plus\"><\/i><\/span>\n\t\t\t\t\t\t\t\t<span class=\"elementor-accordion-icon-opened\"><i class=\"fas fa-minus\"><\/i><\/span>\n\t\t\t\t\t\t\t\t\t\t\t\t\t\t<\/span>\n\t\t\t\t\t\t\t\t\t\t\t\t<a class=\"elementor-accordion-title\" tabindex=\"0\">Cookie- og privatlivspolitik<\/a>\n\t\t\t\t\t<\/div>\n\t\t\t\t\t<div id=\"elementor-tab-content-1351\" class=\"elementor-tab-content elementor-clearfix\" data-tab=\"1\" role=\"region\" aria-labelledby=\"elementor-tab-title-1351\"><h5>M\u00e5ls\u00e6tning for webstedet<\/h5>\n<p>Dette dokument indeholder betingelserne for brug og de vilk\u00e5r, hvorunder Oceancamper stiller sit websted buyminicampers.com til r\u00e5dighed for brugerne.<\/p>\n<p>Enhver adgang til og brug af webstedet skal v\u00e6re i overensstemmelse med disse brugsbetingelser, som Oceancamper forbeholder sig ret til at \u00e6ndre, rette eller opdatere til enhver tid. Ved adgang til og brug af webstedet buyminicampers.com accepterer brugeren fuldt ud og uden forbehold alle de bestemmelser, der er inkluderet i vilk\u00e5rene og betingelserne for brug. Hvis brugeren af en eller anden grund ikke er helt enig i de betingelser, der er anf\u00f8rt heri, b\u00f8r han\/hun ikke f\u00e5 adgang til\/bruge webstedet.  <\/p>\n<p>Vores hjemmesideadresse er: https:\/\/buyminicampers.com<\/p>\n<h5>Webstedets redakt\u00f8r:<\/h5>\n<p>NomadCanguru, Lda.<br \/>Rua Aquilino Ribeiro 124, 8005-177 Faro, Portugal<br \/>Tel: +351 920301044<br \/>buyminicampers.com<br \/>Publication Director: Nina Solyukova<br \/>Ansvarlig for at skrive: Nina Solyukova<\/p>\n<h4>Hvilke personlige data vi indsamler, og hvorfor vi indsamler dem<\/h4>\n<h5>Gennemg\u00e5 invitationer og datah\u00e5ndtering<\/h5>\n<p>Dataansvarlig og databehandler: Ocean Camper (buyminicampers.com) fungerer som dataansvarlig for dine personoplysninger, n\u00e5r vi sender e-mails med invitationer til anmeldelser via forskellige platforme. Disse platforme, s\u00e5som Trustpilot, fungerer som databehandlere i denne sammenh\u00e6ng. Begge parter sikrer, at dine data h\u00e5ndteres sikkert og i overensstemmelse med g\u00e6ldende lovgivning.  <\/p>\n<p>Samtykke og fravalg: N\u00e5r du lejer vores campister, giver du samtykke til at modtage e-mails med invitationer til anmeldelser fra os via forskellige platforme. Hvis du \u00f8nsker at frav\u00e6lge denne kommunikation, kan du afmelde dig ved hj\u00e6lp af linket i e-mailen eller kontakte os direkte. <\/p>\n<p>Form\u00e5l med dataanvendelse: Dine personlige data, herunder din e-mailadresse og oplysninger om din lejeoplevelse, vil udelukkende blive brugt til at sende dig invitationer til anmeldelser. Disse data kan deles med forskellige anmeldelsesplatforme for at lette denne proces og forbedre vores tjenester. <\/p>\n<p>Foranstaltninger til databeskyttelse: Vi implementerer strenge sikkerhedsforanstaltninger for at beskytte dine personlige data, s\u00e5som kryptering, adgangskontrol og regelm\u00e6ssige sikkerhedsrevisioner.<\/p>\n<p>Brugerens rettigheder: Du har ret til at f\u00e5 adgang til, rette eller slette dine personlige data. Hvis du har sp\u00f8rgsm\u00e5l eller bekymringer om dine data, bedes du kontakte os. <\/p>\n<h5>Medier<\/h5>\n<p>Hvis du uploader billeder til hjemmesiden, b\u00f8r du undg\u00e5 at uploade billeder med indlejrede placeringsdata (EXIF GPS). Bes\u00f8gende p\u00e5 webstedet kan downloade og udtr\u00e6kke alle placeringsdata fra billeder p\u00e5 webstedet. <\/p>\n<h5>Kontaktformularer<\/h5>\n<p>Dette websted er beskyttet af reCAPTCHA, og Googles privatlivspolitik og servicevilk\u00e5r g\u00e6lder.<\/p>\n<h5>Sm\u00e5kager<\/h5>\n<p>Hvis du skriver en kommentar p\u00e5 vores hjemmeside, kan du v\u00e6lge at gemme dit navn, din e-mailadresse og din hjemmeside i cookies. Det er for at g\u00f8re det nemmere for dig, s\u00e5 du ikke beh\u00f8ver at udfylde dine oplysninger igen, n\u00e5r du skriver en ny kommentar. Disse cookies varer i et \u00e5r.<br \/>Hvis du bes\u00f8ger vores login-side, s\u00e6tter vi en midlertidig cookie for at afg\u00f8re, om din browser accepterer cookies. Denne cookie indeholder ingen personlige data og kasseres, n\u00e5r du lukker din browser.   <\/p>\n<h5>Indlejret indhold fra andre hjemmesider<\/h5>\n<p>Artikler p\u00e5 dette websted kan indeholde indlejret indhold (f.eks. videoer, billeder, artikler osv.). Indlejret indhold fra andre hjemmesider opf\u00f8rer sig p\u00e5 n\u00f8jagtig samme m\u00e5de, som hvis den bes\u00f8gende havde bes\u00f8gt den anden hjemmeside.<br \/>Disse hjemmesider kan indsamle data om dig, bruge cookies, indlejre yderligere tredjepartssporing og overv\u00e5ge din interaktion med det indlejrede indhold, herunder spore din interaktion med det indlejrede indhold, hvis du har en konto og er logget ind p\u00e5 den p\u00e5g\u00e6ldende hjemmeside. <\/p>\n<h5>Hvor l\u00e6nge vi opbevarer dine data<\/h5>\n<p>Hvis du efterlader en kommentar, bevares kommentaren og dens metadata p\u00e5 ubestemt tid. Dette er for at vi kan genkende og godkende eventuelle opf\u00f8lgende kommentarer automatisk i stedet for at holde dem i en moderationsk\u00f8.<br \/>For brugere, der registrerer sig p\u00e5 vores websted (hvis nogen), gemmer vi ogs\u00e5 de personlige oplysninger, de giver i deres brugerprofil. Alle brugere kan til enhver tid se, redigere eller slette deres personlige oplysninger (bortset fra at de ikke kan \u00e6ndre deres brugernavn). Webstedsadministratorer kan ogs\u00e5 se og redigere disse oplysninger.   <\/p>\n<\/div>\n\t\t\t\t<\/div>\n\t\t\t\t\t\t\t\t<\/div>\n\t\t\t\t\t\t<\/div>\n\t\t\t\t<\/div>\n\t\t\t\t\t<\/div>\n\t\t<\/div>\n\t\t\t\t\t<\/div>\n\t\t<\/section>\n\t\t\t\t\t<\/div>\n\t\t<\/div>\n\t\t\t\t\t<\/div>\n\t\t<\/section>\n\t\t\t\t<\/div>\n\t\t","protected":false},"excerpt":{"rendered":"<p>Vilk\u00e5r og betingelser Cookie- og privatlivspolitik M\u00e5ls\u00e6tning for webstedet Dette dokument indeholder betingelserne for brug og de vilk\u00e5r, hvorunder Oceancamper stiller sit websted buyminicampers.com til r\u00e5dighed for brugerne. Enhver adgang til og brug af webstedet skal v\u00e6re i overensstemmelse med disse brugsbetingelser, som Oceancamper forbeholder sig ret til at \u00e6ndre, rette eller opdatere til enhver [&hellip;]<\/p>\n","protected":false},"author":1,"featured_media":0,"parent":0,"menu_order":0,"comment_status":"closed","ping_status":"closed","template":"elementor_header_footer","meta":{"footnotes":""},"class_list":["post-178770","page","type-page","status-publish","hentry"],"aioseo_notices":[],"_links":{"self":[{"href":"https:\/\/buyminicampers.com\/da\/wp-json\/wp\/v2\/pages\/178770","targetHints":{"allow":["GET"]}}],"collection":[{"href":"https:\/\/buyminicampers.com\/da\/wp-json\/wp\/v2\/pages"}],"about":[{"href":"https:\/\/buyminicampers.com\/da\/wp-json\/wp\/v2\/types\/page"}],"author":[{"embeddable":true,"href":"https:\/\/buyminicampers.com\/da\/wp-json\/wp\/v2\/users\/1"}],"replies":[{"embeddable":true,"href":"https:\/\/buyminicampers.com\/da\/wp-json\/wp\/v2\/comments?post=178770"}],"version-history":[{"count":2,"href":"https:\/\/buyminicampers.com\/da\/wp-json\/wp\/v2\/pages\/178770\/revisions"}],"predecessor-version":[{"id":178795,"href":"https:\/\/buyminicampers.com\/da\/wp-json\/wp\/v2\/pages\/178770\/revisions\/178795"}],"wp:attachment":[{"href":"https:\/\/buyminicampers.com\/da\/wp-json\/wp\/v2\/media?parent=178770"}],"curies":[{"name":"wp","href":"https:\/\/api.w.org\/{rel}","templated":true}]}}