{"id":178927,"date":"2022-02-16T15:05:24","date_gmt":"2022-02-16T15:05:24","guid":{"rendered":"https:\/\/buyminicampers.com\/agb\/"},"modified":"2025-06-13T09:51:33","modified_gmt":"2025-06-13T09:51:33","slug":"agb","status":"publish","type":"page","link":"https:\/\/buyminicampers.com\/de\/agb\/","title":{"rendered":"AGB"},"content":{"rendered":"\t\t<div data-elementor-type=\"wp-page\" data-elementor-id=\"178927\" class=\"elementor elementor-178927 elementor-2783\" data-elementor-post-type=\"page\">\n\t\t\t\t\t\t<section class=\"elementor-section elementor-top-section elementor-element elementor-element-b4d0df9 elementor-section-height-min-height elementor-section-stretched elementor-section-content-middle elementor-section-boxed elementor-section-height-default elementor-section-items-middle\" data-id=\"b4d0df9\" data-element_type=\"section\" data-settings=\"{&quot;stretch_section&quot;:&quot;section-stretched&quot;,&quot;background_background&quot;:&quot;classic&quot;}\">\n\t\t\t\t\t\t\t<div class=\"elementor-background-overlay\"><\/div>\n\t\t\t\t\t\t\t<div class=\"elementor-container elementor-column-gap-default\">\n\t\t\t\t\t<div class=\"elementor-column elementor-col-100 elementor-top-column elementor-element elementor-element-faa13eb\" data-id=\"faa13eb\" data-element_type=\"column\">\n\t\t\t<div class=\"elementor-widget-wrap elementor-element-populated\">\n\t\t\t\t\t\t<div class=\"elementor-element elementor-element-25c194d elementor-widget elementor-widget-heading\" data-id=\"25c194d\" data-element_type=\"widget\" data-widget_type=\"heading.default\">\n\t\t\t\t<div class=\"elementor-widget-container\">\n\t\t\t\t\t<h1 class=\"elementor-heading-title elementor-size-default\">AGB<\/h1>\t\t\t\t<\/div>\n\t\t\t\t<\/div>\n\t\t\t\t\t<\/div>\n\t\t<\/div>\n\t\t\t\t\t<\/div>\n\t\t<\/section>\n\t\t\t\t<section class=\"elementor-section elementor-top-section elementor-element elementor-element-da7a766 elementor-section-stretched elementor-section-boxed elementor-section-height-default elementor-section-height-default\" data-id=\"da7a766\" data-element_type=\"section\" data-settings=\"{&quot;stretch_section&quot;:&quot;section-stretched&quot;,&quot;background_background&quot;:&quot;classic&quot;}\">\n\t\t\t\t\t\t<div class=\"elementor-container elementor-column-gap-default\">\n\t\t\t\t\t<div class=\"elementor-column elementor-col-100 elementor-top-column elementor-element elementor-element-81c967f\" data-id=\"81c967f\" data-element_type=\"column\">\n\t\t\t<div class=\"elementor-widget-wrap elementor-element-populated\">\n\t\t\t\t\t\t<section class=\"elementor-section elementor-inner-section elementor-element elementor-element-a44bedf elementor-section-boxed elementor-section-height-default elementor-section-height-default\" data-id=\"a44bedf\" data-element_type=\"section\">\n\t\t\t\t\t\t<div class=\"elementor-container elementor-column-gap-default\">\n\t\t\t\t\t<div class=\"elementor-column elementor-col-100 elementor-inner-column elementor-element elementor-element-db8fb3f\" data-id=\"db8fb3f\" data-element_type=\"column\">\n\t\t\t<div class=\"elementor-widget-wrap elementor-element-populated\">\n\t\t\t\t\t\t<div class=\"elementor-element elementor-element-0ce798e elementor-widget elementor-widget-accordion\" data-id=\"0ce798e\" data-element_type=\"widget\" data-widget_type=\"accordion.default\">\n\t\t\t\t<div class=\"elementor-widget-container\">\n\t\t\t\t\t\t\t<div class=\"elementor-accordion\">\n\t\t\t\t\t\t\t<div class=\"elementor-accordion-item\">\n\t\t\t\t\t<div id=\"elementor-tab-title-1351\" class=\"elementor-tab-title\" data-tab=\"1\" role=\"button\" aria-controls=\"elementor-tab-content-1351\" aria-expanded=\"false\">\n\t\t\t\t\t\t\t\t\t\t\t\t\t<span class=\"elementor-accordion-icon elementor-accordion-icon-left\" aria-hidden=\"true\">\n\t\t\t\t\t\t\t\t\t\t\t\t\t\t\t<span class=\"elementor-accordion-icon-closed\"><i class=\"fas fa-plus\"><\/i><\/span>\n\t\t\t\t\t\t\t\t<span class=\"elementor-accordion-icon-opened\"><i class=\"fas fa-minus\"><\/i><\/span>\n\t\t\t\t\t\t\t\t\t\t\t\t\t\t<\/span>\n\t\t\t\t\t\t\t\t\t\t\t\t<a class=\"elementor-accordion-title\" tabindex=\"0\">Cookie- und Datenschutzrichtlinien<\/a>\n\t\t\t\t\t<\/div>\n\t\t\t\t\t<div id=\"elementor-tab-content-1351\" class=\"elementor-tab-content elementor-clearfix\" data-tab=\"1\" role=\"region\" aria-labelledby=\"elementor-tab-title-1351\"><h5>Standortziel<\/h5>\n<p>Dieses Dokument enth\u00e4lt die Nutzungsbedingungen und die Bedingungen, unter denen Oceancamper seine Website buyminicampers.com den Benutzern zur Verf\u00fcgung stellt.<\/p>\n<p>Jeder Zugriff auf und die Nutzung der Website muss diesen Nutzungsbedingungen entsprechen, die Oceancamper sich das Recht vorbeh\u00e4lt, jederzeit zu \u00e4ndern, zu korrigieren oder zu aktualisieren. Mit dem Zugriff auf und der Nutzung der Website buyminicampers.com akzeptiert der Nutzer vollst\u00e4ndig und ohne Vorbehalte alle in den Nutzungsbedingungen enthaltenen Bestimmungen. Wenn der Nutzer aus irgendeinem Grund nicht vollst\u00e4ndig mit den hierin festgelegten Bedingungen einverstanden ist, sollte er\/sie nicht auf die Website zugreifen\/nutzen.  <\/p>\n<p>Unsere Website-Adresse lautet: https:\/\/buyminicampers.com<\/p>\n<h5>Site-Editor:<\/h5>\n<p>NomadCanguru, Lda.<br \/>Rua Aquilino Ribeiro 124, 8005-177 Faro, Portugal<br \/>Tel: +351 920301044<br \/>buyminicampers.com<br \/>Publication Director: Nina Solyukova<br \/>Verantwortlich f\u00fcr das Schreiben: Nina Solyukova<\/p>\n<h4>Welche personenbezogenen Daten wir erheben und warum wir sie erheben<\/h4>\n<h5>Einladungen und Datenverarbeitung \u00fcberpr\u00fcfen<\/h5>\n<p>Datenverantwortlicher und -verarbeiter: Ocean Camper (buyminicampers.com) agiert als der f\u00fcr die Verarbeitung Ihrer pers\u00f6nlichen Daten Verantwortliche, wenn wir \u00fcber verschiedene Plattformen Einladungs-E-Mails zu Bewertungen versenden. Diese Plattformen, wie z.B. Trustpilot, fungieren in diesem Zusammenhang als Datenverarbeiter. Beide Parteien stellen sicher, dass Ihre Daten sicher und in \u00dcbereinstimmung mit den geltenden Gesetzen behandelt werden.  <\/p>\n<p>Zustimmung und Abmeldung: Wenn du unsere Wohnmobile mietest, erkl\u00e4rst du dich damit einverstanden, dass wir dir \u00fcber verschiedene Plattformen Einladungs-E-Mails schicken. Wenn du diese E-Mails nicht mehr erhalten m\u00f6chtest, kannst du dich \u00fcber den Link in der E-Mail abmelden oder uns direkt kontaktieren. <\/p>\n<p>Zweck der Datennutzung: Deine pers\u00f6nlichen Daten, einschlie\u00dflich deiner E-Mail-Adresse und Angaben zu deiner Vermietungserfahrung, werden ausschlie\u00dflich dazu verwendet, dir Einladungen zu Bewertungen zu schicken. Diese Daten k\u00f6nnen an verschiedene Bewertungsplattformen weitergegeben werden, um diesen Prozess zu erleichtern und unseren Service zu verbessern. <\/p>\n<p>Datenschutzma\u00dfnahmen: Wir setzen strenge Sicherheitsma\u00dfnahmen ein, um deine pers\u00f6nlichen Daten zu sch\u00fctzen, z. B. Verschl\u00fcsselung, Zugangskontrollen und regelm\u00e4\u00dfige Sicherheitsaudits.<\/p>\n<p>Nutzerrechte: Du hast das Recht, deine pers\u00f6nlichen Daten einzusehen, zu korrigieren oder zu l\u00f6schen. Wenn du Fragen oder Bedenken bez\u00fcglich deiner Daten hast, kontaktiere uns bitte. <\/p>\n<h5>Medien<\/h5>\n<p>Wenn Sie Bilder auf die Website hochladen, sollten Sie vermeiden, Bilder mit eingebetteten Standortdaten (EXIF GPS) zu laden. Besucher der Website k\u00f6nnen alle Standortdaten aus Bildern auf der Website herunterladen und extrahieren. <\/p>\n<h5>Kontaktformulare<\/h5>\n<p>Diese Website ist durch reCAPTCHA gesch\u00fctzt und es gelten die Datenschutzbestimmungen und Nutzungsbedingungen von Google.<\/p>\n<h5>Cookies<\/h5>\n<p>Wenn Sie einen Kommentar auf unserer Website hinterlassen, k\u00f6nnen Sie sich anmelden, um Ihren Namen, Ihre E-Mail-Adresse und Ihre Website in Cookies zu speichern. Diese sind zu Ihrer Bequemlichkeit, so dass Sie Ihre Daten nicht noch einmal ausf\u00fcllen m\u00fcssen, wenn Sie einen anderen Kommentar hinterlassen. Diese Cookies sind ein Jahr lang g\u00fcltig.<br \/>Wenn Sie unsere Login-Seite besuchen, setzen wir ein tempor\u00e4res Cookie, um festzustellen, ob Ihr Browser Cookies akzeptiert. Dieses Cookie enth\u00e4lt keine pers\u00f6nlichen Daten und wird beim Schlie\u00dfen Ihres Browsers verworfen.   <\/p>\n<h5>Eingebettete Inhalte von anderen Websites<\/h5>\n<p>Die Artikel auf dieser Website k\u00f6nnen eingebettete Inhalte (z.B. Videos, Bilder, Artikel, etc.) enthalten. Eingebettete Inhalte von anderen Websites verhalten sich genau so, als ob der Besucher die andere Website besucht h\u00e4tte.<br \/>Diese Websites k\u00f6nnen Daten \u00fcber Sie sammeln, Cookies verwenden, zus\u00e4tzliche Verfolgungen durch Dritte einbetten und Ihre Interaktion mit diesen eingebetteten Inhalten \u00fcberwachen, einschlie\u00dflich der Verfolgung Ihrer Interaktion mit den eingebetteten Inhalten, wenn Sie ein Konto haben und bei dieser Website angemeldet sind. <\/p>\n<h5>Wie lange wir Ihre Daten speichern<\/h5>\n<p>Wenn Sie einen Kommentar hinterlassen, werden der Kommentar und seine Metadaten auf unbestimmte Zeit aufbewahrt. Auf diese Weise k\u00f6nnen wir Folgekommentare automatisch erkennen und genehmigen, anstatt sie in einer Moderationswarteschlange zu halten.<br \/>F\u00fcr Benutzer, die sich auf unserer Website registrieren (falls vorhanden), speichern wir auch die pers\u00f6nlichen Daten, die sie in ihrem Benutzerprofil angeben. Alle Nutzer k\u00f6nnen ihre pers\u00f6nlichen Daten jederzeit sehen, bearbeiten oder l\u00f6schen (es sei denn, sie k\u00f6nnen ihren Benutzernamen nicht \u00e4ndern). Website-Administratoren k\u00f6nnen diese Informationen auch sehen und bearbeiten.   <\/p>\n<\/div>\n\t\t\t\t<\/div>\n\t\t\t\t\t\t\t\t<\/div>\n\t\t\t\t\t\t<\/div>\n\t\t\t\t<\/div>\n\t\t\t\t\t<\/div>\n\t\t<\/div>\n\t\t\t\t\t<\/div>\n\t\t<\/section>\n\t\t\t\t\t<\/div>\n\t\t<\/div>\n\t\t\t\t\t<\/div>\n\t\t<\/section>\n\t\t\t\t<\/div>\n\t\t","protected":false},"excerpt":{"rendered":"<p>AGB Cookie- und Datenschutzrichtlinien Standortziel Dieses Dokument enth\u00e4lt die Nutzungsbedingungen und die Bedingungen, unter denen Oceancamper seine Website buyminicampers.com den Benutzern zur Verf\u00fcgung stellt. Jeder Zugriff auf und die Nutzung der Website muss diesen Nutzungsbedingungen entsprechen, die Oceancamper sich das Recht vorbeh\u00e4lt, jederzeit zu \u00e4ndern, zu korrigieren oder zu aktualisieren. Mit dem Zugriff auf und [&hellip;]<\/p>\n","protected":false},"author":1,"featured_media":0,"parent":0,"menu_order":0,"comment_status":"closed","ping_status":"closed","template":"elementor_header_footer","meta":{"footnotes":""},"class_list":["post-178927","page","type-page","status-publish","hentry"],"aioseo_notices":[],"_links":{"self":[{"href":"https:\/\/buyminicampers.com\/de\/wp-json\/wp\/v2\/pages\/178927","targetHints":{"allow":["GET"]}}],"collection":[{"href":"https:\/\/buyminicampers.com\/de\/wp-json\/wp\/v2\/pages"}],"about":[{"href":"https:\/\/buyminicampers.com\/de\/wp-json\/wp\/v2\/types\/page"}],"author":[{"embeddable":true,"href":"https:\/\/buyminicampers.com\/de\/wp-json\/wp\/v2\/users\/1"}],"replies":[{"embeddable":true,"href":"https:\/\/buyminicampers.com\/de\/wp-json\/wp\/v2\/comments?post=178927"}],"version-history":[{"count":1,"href":"https:\/\/buyminicampers.com\/de\/wp-json\/wp\/v2\/pages\/178927\/revisions"}],"predecessor-version":[{"id":178928,"href":"https:\/\/buyminicampers.com\/de\/wp-json\/wp\/v2\/pages\/178927\/revisions\/178928"}],"wp:attachment":[{"href":"https:\/\/buyminicampers.com\/de\/wp-json\/wp\/v2\/media?parent=178927"}],"curies":[{"name":"wp","href":"https:\/\/api.w.org\/{rel}","templated":true}]}}