{"id":178930,"date":"2022-02-16T15:05:24","date_gmt":"2022-02-16T15:05:24","guid":{"rendered":"https:\/\/buyminicampers.com\/conditions-generales\/"},"modified":"2025-06-13T09:51:33","modified_gmt":"2025-06-13T09:51:33","slug":"conditions-generales","status":"publish","type":"page","link":"https:\/\/buyminicampers.com\/fr\/conditions-generales\/","title":{"rendered":"Conditions g\u00e9n\u00e9rales"},"content":{"rendered":"\t\t<div data-elementor-type=\"wp-page\" data-elementor-id=\"178930\" class=\"elementor elementor-178930 elementor-2783\" data-elementor-post-type=\"page\">\n\t\t\t\t\t\t<section class=\"elementor-section elementor-top-section elementor-element elementor-element-b4d0df9 elementor-section-height-min-height elementor-section-stretched elementor-section-content-middle elementor-section-boxed elementor-section-height-default elementor-section-items-middle\" data-id=\"b4d0df9\" data-element_type=\"section\" data-settings=\"{&quot;stretch_section&quot;:&quot;section-stretched&quot;,&quot;background_background&quot;:&quot;classic&quot;}\">\n\t\t\t\t\t\t\t<div class=\"elementor-background-overlay\"><\/div>\n\t\t\t\t\t\t\t<div class=\"elementor-container elementor-column-gap-default\">\n\t\t\t\t\t<div class=\"elementor-column elementor-col-100 elementor-top-column elementor-element elementor-element-faa13eb\" data-id=\"faa13eb\" data-element_type=\"column\">\n\t\t\t<div class=\"elementor-widget-wrap elementor-element-populated\">\n\t\t\t\t\t\t<div class=\"elementor-element elementor-element-25c194d elementor-widget elementor-widget-heading\" data-id=\"25c194d\" data-element_type=\"widget\" data-widget_type=\"heading.default\">\n\t\t\t\t<div class=\"elementor-widget-container\">\n\t\t\t\t\t<h1 class=\"elementor-heading-title elementor-size-default\">Conditions g\u00e9n\u00e9rales<\/h1>\t\t\t\t<\/div>\n\t\t\t\t<\/div>\n\t\t\t\t\t<\/div>\n\t\t<\/div>\n\t\t\t\t\t<\/div>\n\t\t<\/section>\n\t\t\t\t<section class=\"elementor-section elementor-top-section elementor-element elementor-element-da7a766 elementor-section-stretched elementor-section-boxed elementor-section-height-default elementor-section-height-default\" data-id=\"da7a766\" data-element_type=\"section\" data-settings=\"{&quot;stretch_section&quot;:&quot;section-stretched&quot;,&quot;background_background&quot;:&quot;classic&quot;}\">\n\t\t\t\t\t\t<div class=\"elementor-container elementor-column-gap-default\">\n\t\t\t\t\t<div class=\"elementor-column elementor-col-100 elementor-top-column elementor-element elementor-element-81c967f\" data-id=\"81c967f\" data-element_type=\"column\">\n\t\t\t<div class=\"elementor-widget-wrap elementor-element-populated\">\n\t\t\t\t\t\t<section class=\"elementor-section elementor-inner-section elementor-element elementor-element-a44bedf elementor-section-boxed elementor-section-height-default elementor-section-height-default\" data-id=\"a44bedf\" data-element_type=\"section\">\n\t\t\t\t\t\t<div class=\"elementor-container elementor-column-gap-default\">\n\t\t\t\t\t<div class=\"elementor-column elementor-col-100 elementor-inner-column elementor-element elementor-element-db8fb3f\" data-id=\"db8fb3f\" data-element_type=\"column\">\n\t\t\t<div class=\"elementor-widget-wrap elementor-element-populated\">\n\t\t\t\t\t\t<div class=\"elementor-element elementor-element-0ce798e elementor-widget elementor-widget-accordion\" data-id=\"0ce798e\" data-element_type=\"widget\" data-widget_type=\"accordion.default\">\n\t\t\t\t<div class=\"elementor-widget-container\">\n\t\t\t\t\t\t\t<div class=\"elementor-accordion\">\n\t\t\t\t\t\t\t<div class=\"elementor-accordion-item\">\n\t\t\t\t\t<div id=\"elementor-tab-title-1351\" class=\"elementor-tab-title\" data-tab=\"1\" role=\"button\" aria-controls=\"elementor-tab-content-1351\" aria-expanded=\"false\">\n\t\t\t\t\t\t\t\t\t\t\t\t\t<span class=\"elementor-accordion-icon elementor-accordion-icon-left\" aria-hidden=\"true\">\n\t\t\t\t\t\t\t\t\t\t\t\t\t\t\t<span class=\"elementor-accordion-icon-closed\"><i class=\"fas fa-plus\"><\/i><\/span>\n\t\t\t\t\t\t\t\t<span class=\"elementor-accordion-icon-opened\"><i class=\"fas fa-minus\"><\/i><\/span>\n\t\t\t\t\t\t\t\t\t\t\t\t\t\t<\/span>\n\t\t\t\t\t\t\t\t\t\t\t\t<a class=\"elementor-accordion-title\" tabindex=\"0\">Politique en mati\u00e8re de cookies et de protection de la vie priv\u00e9e<\/a>\n\t\t\t\t\t<\/div>\n\t\t\t\t\t<div id=\"elementor-tab-content-1351\" class=\"elementor-tab-content elementor-clearfix\" data-tab=\"1\" role=\"region\" aria-labelledby=\"elementor-tab-title-1351\"><h5>Objectif du site<\/h5>\n<p>Ce document contient les conditions d&rsquo;utilisation et les modalit\u00e9s selon lesquelles Oceancamper met \u00e0 la disposition des utilisateurs son site web buyminicampers.com.<\/p>\n<p>Tout acc\u00e8s et utilisation du site doit respecter ces conditions d&rsquo;utilisation, que Oceancamper se r\u00e9serve le droit de modifier, de rectifier ou de mettre \u00e0 jour \u00e0 tout moment. En acc\u00e9dant et en utilisant le site buyminicampers.com, l&rsquo;utilisateur accepte, pleinement et sans r\u00e9serve, toutes les dispositions incluses dans les conditions g\u00e9n\u00e9rales d&rsquo;utilisation. Si, pour quelque raison que ce soit, l&rsquo;utilisateur n&rsquo;est pas enti\u00e8rement d&rsquo;accord avec les conditions \u00e9nonc\u00e9es ici, il ne devrait pas acc\u00e9der\/utiliser le site.  <\/p>\n<p>L&rsquo;adresse de notre site web est la suivante : https:\/\/buyminicampers.com<\/p>\n<h5>\u00c9diteur du site :<\/h5>\n<p>NomadCanguru, Lda.<br \/>Rua Aquilino Ribeiro 124, 8005-177 Faro, Portugal<br \/>Tel : +351 920301044<br \/>buyminicampers.com<br \/>Directeur de publication : Nina Solyukova<br \/>Responsable de la r\u00e9daction : Nina Solyukova<\/p>\n<h4>Les donn\u00e9es personnelles que nous collectons et pourquoi nous les collectons<\/h4>\n<h5>Invitations \u00e0 l&rsquo;examen et traitement des donn\u00e9es<\/h5>\n<p>Contr\u00f4leur de donn\u00e9es et responsable du traitement : Ocean Camper (buyminicampers.com) agit en tant que responsable du traitement de vos donn\u00e9es personnelles lors de l&rsquo;envoi de courriels d&rsquo;invitation \u00e0 l&rsquo;examen par le biais de diverses plateformes. Ces plateformes, telles que Trustpilot, agissent en tant que processeurs de donn\u00e9es dans ce contexte. Les deux parties veillent \u00e0 ce que vos donn\u00e9es soient trait\u00e9es en toute s\u00e9curit\u00e9 et conform\u00e9ment aux lois applicables.  <\/p>\n<p>Consentement et exclusion : en louant nos campeurs, vous acceptez de recevoir des courriels d&rsquo;invitation \u00e0 la r\u00e9vision de notre part par l&rsquo;interm\u00e9diaire de diff\u00e9rentes plateformes. Si vous souhaitez ne plus recevoir ces communications, vous pouvez vous d\u00e9sinscrire en utilisant le lien fourni dans l&rsquo;e-mail ou en nous contactant directement. <\/p>\n<p>Objectif de l&rsquo;utilisation des donn\u00e9es : Vos donn\u00e9es personnelles, y compris votre adresse e-mail et les d\u00e9tails de votre exp\u00e9rience de location, seront utilis\u00e9es uniquement pour vous envoyer des invitations d&rsquo;\u00e9valuation. Ces donn\u00e9es peuvent \u00eatre partag\u00e9es avec diverses plateformes d&rsquo;\u00e9valuation afin de faciliter ce processus et d&rsquo;am\u00e9liorer nos services. <\/p>\n<p>Mesures de protection des donn\u00e9es : Nous mettons en \u0153uvre des mesures de s\u00e9curit\u00e9 strictes pour prot\u00e9ger vos donn\u00e9es personnelles, telles que le cryptage, les contr\u00f4les d&rsquo;acc\u00e8s et les audits de s\u00e9curit\u00e9 r\u00e9guliers.<\/p>\n<p>Droits de l&rsquo;utilisateur : Vous avez le droit d&rsquo;acc\u00e9der \u00e0 vos donn\u00e9es personnelles, de les corriger ou de les supprimer. Si vous avez des questions ou des pr\u00e9occupations concernant vos donn\u00e9es, veuillez nous contacter. <\/p>\n<h5>M\u00e9dias<\/h5>\n<p>Si vous t\u00e9l\u00e9chargez des images sur le site, veuillez \u00e9viter de t\u00e9l\u00e9charger des images contenant des donn\u00e9es de localisation int\u00e9gr\u00e9es (EXIF GPS). Les visiteurs du site peuvent t\u00e9l\u00e9charger et extraire toutes les donn\u00e9es de localisation des images du site. <\/p>\n<h5>Formulaires de contact<\/h5>\n<p>Ce site est prot\u00e9g\u00e9 par reCAPTCHA et la Politique de confidentialit\u00e9 et les Conditions d&rsquo;utilisation de Google s&rsquo;appliquent.<\/p>\n<h5>Cookies<\/h5>\n<p>Si vous laissez un commentaire sur notre site, vous pouvez choisir d&rsquo;enregistrer votre nom, votre adresse e-mail et votre site web dans des cookies. Cela est pour votre convenance afin que vous n&rsquo;ayez pas \u00e0 remplir \u00e0 nouveau vos informations lorsque vous laissez un autre commentaire. Ces cookies ont une dur\u00e9e de vie d&rsquo;un an.<br \/>Si vous visitez notre page de connexion, nous installerons un cookie temporaire pour d\u00e9terminer si votre navigateur accepte les cookies. Ce cookie ne contient aucune donn\u00e9e personnelle et est supprim\u00e9 lorsque vous fermez votre navigateur.   <\/p>\n<h5>Contenu int\u00e9gr\u00e9 provenant d&rsquo;autres sites web<\/h5>\n<p>Les articles de ce site peuvent inclure du contenu int\u00e9gr\u00e9 (par exemple, des vid\u00e9os, des images, des articles, etc.). Le contenu int\u00e9gr\u00e9 provenant d&rsquo;autres sites web se comporte exactement de la m\u00eame mani\u00e8re que si le visiteur avait visit\u00e9 l&rsquo;autre site web.<br \/>Ces sites web peuvent collecter des donn\u00e9es vous concernant, utiliser des cookies, int\u00e9grer un suivi suppl\u00e9mentaire par des tiers et surveiller votre interaction avec ce contenu int\u00e9gr\u00e9, y compris votre interaction avec le contenu int\u00e9gr\u00e9 si vous avez un compte et que vous \u00eates connect\u00e9 \u00e0 ce site web. <\/p>\n<h5>Combien de temps nous conservons vos donn\u00e9es<\/h5>\n<p>Si vous laissez un commentaire, le commentaire et ses m\u00e9tadonn\u00e9es sont conserv\u00e9s ind\u00e9finiment. Cela nous permet de reconna\u00eetre et d&rsquo;approuver automatiquement les commentaires de suivi au lieu de les conserver dans une file d&rsquo;attente de mod\u00e9ration.<br \/>Pour les utilisateurs qui s&rsquo;inscrivent sur notre site web (le cas \u00e9ch\u00e9ant), nous stockons \u00e9galement les informations personnelles qu&rsquo;ils fournissent dans leur profil d&rsquo;utilisateur. Tous les utilisateurs peuvent voir, modifier ou supprimer leurs informations personnelles \u00e0 tout moment (sauf qu&rsquo;ils ne peuvent pas modifier leur nom d&rsquo;utilisateur). Les administrateurs du site web peuvent \u00e9galement voir et modifier ces informations.   <\/p>\n<\/div>\n\t\t\t\t<\/div>\n\t\t\t\t\t\t\t\t<\/div>\n\t\t\t\t\t\t<\/div>\n\t\t\t\t<\/div>\n\t\t\t\t\t<\/div>\n\t\t<\/div>\n\t\t\t\t\t<\/div>\n\t\t<\/section>\n\t\t\t\t\t<\/div>\n\t\t<\/div>\n\t\t\t\t\t<\/div>\n\t\t<\/section>\n\t\t\t\t<\/div>\n\t\t","protected":false},"excerpt":{"rendered":"<p>Conditions g\u00e9n\u00e9rales Politique en mati\u00e8re de cookies et de protection de la vie priv\u00e9e Objectif du site Ce document contient les conditions d&#8217;utilisation et les modalit\u00e9s selon lesquelles Oceancamper met \u00e0 la disposition des utilisateurs son site web buyminicampers.com. Tout acc\u00e8s et utilisation du site doit respecter ces conditions d&#8217;utilisation, que Oceancamper se r\u00e9serve le [&hellip;]<\/p>\n","protected":false},"author":1,"featured_media":0,"parent":0,"menu_order":0,"comment_status":"closed","ping_status":"closed","template":"elementor_header_footer","meta":{"footnotes":""},"class_list":["post-178930","page","type-page","status-publish","hentry"],"aioseo_notices":[],"_links":{"self":[{"href":"https:\/\/buyminicampers.com\/fr\/wp-json\/wp\/v2\/pages\/178930","targetHints":{"allow":["GET"]}}],"collection":[{"href":"https:\/\/buyminicampers.com\/fr\/wp-json\/wp\/v2\/pages"}],"about":[{"href":"https:\/\/buyminicampers.com\/fr\/wp-json\/wp\/v2\/types\/page"}],"author":[{"embeddable":true,"href":"https:\/\/buyminicampers.com\/fr\/wp-json\/wp\/v2\/users\/1"}],"replies":[{"embeddable":true,"href":"https:\/\/buyminicampers.com\/fr\/wp-json\/wp\/v2\/comments?post=178930"}],"version-history":[{"count":1,"href":"https:\/\/buyminicampers.com\/fr\/wp-json\/wp\/v2\/pages\/178930\/revisions"}],"predecessor-version":[{"id":178931,"href":"https:\/\/buyminicampers.com\/fr\/wp-json\/wp\/v2\/pages\/178930\/revisions\/178931"}],"wp:attachment":[{"href":"https:\/\/buyminicampers.com\/fr\/wp-json\/wp\/v2\/media?parent=178930"}],"curies":[{"name":"wp","href":"https:\/\/api.w.org\/{rel}","templated":true}]}}