{"id":178813,"date":"2022-02-16T15:51:33","date_gmt":"2022-02-16T15:51:33","guid":{"rendered":"https:\/\/buyminicampers.com\/eladott-lakoauto\/"},"modified":"2025-06-13T09:50:08","modified_gmt":"2025-06-13T09:50:08","slug":"eladott-lakoauto","status":"publish","type":"page","link":"https:\/\/buyminicampers.com\/hu\/eladott-lakoauto\/","title":{"rendered":"Eladott lak\u00f3aut\u00f3"},"content":{"rendered":"\t\t<div data-elementor-type=\"wp-page\" data-elementor-id=\"178813\" class=\"elementor elementor-178813 elementor-2792\" data-elementor-post-type=\"page\">\n\t\t\t\t\t\t<section class=\"elementor-section elementor-top-section elementor-element elementor-element-cc5b487 elementor-section-height-min-height elementor-section-stretched elementor-section-content-middle elementor-section-boxed elementor-section-height-default elementor-section-items-middle\" data-id=\"cc5b487\" data-element_type=\"section\" data-settings=\"{&quot;stretch_section&quot;:&quot;section-stretched&quot;,&quot;background_background&quot;:&quot;gradient&quot;}\">\n\t\t\t\t\t\t<div class=\"elementor-container elementor-column-gap-default\">\n\t\t\t\t\t<div class=\"elementor-column elementor-col-100 elementor-top-column elementor-element elementor-element-03c24db\" data-id=\"03c24db\" data-element_type=\"column\">\n\t\t\t<div class=\"elementor-widget-wrap elementor-element-populated\">\n\t\t\t\t\t\t<div class=\"elementor-element elementor-element-64cf295 elementor-widget elementor-widget-heading\" data-id=\"64cf295\" data-element_type=\"widget\" data-widget_type=\"heading.default\">\n\t\t\t\t<div class=\"elementor-widget-container\">\n\t\t\t\t\t<h1 class=\"elementor-heading-title elementor-size-default\">Az \u00d6n \u00e1ltal keresett lak\u00f3aut\u00f3 m\u00e1r elkelt!<\/h1>\t\t\t\t<\/div>\n\t\t\t\t<\/div>\n\t\t\t\t\t<\/div>\n\t\t<\/div>\n\t\t\t\t\t<\/div>\n\t\t<\/section>\n\t\t\t\t<section class=\"elementor-section elementor-top-section elementor-element elementor-element-45c8fde elementor-section-stretched elementor-section-boxed elementor-section-height-default elementor-section-height-default\" data-id=\"45c8fde\" data-element_type=\"section\" data-settings=\"{&quot;stretch_section&quot;:&quot;section-stretched&quot;,&quot;background_background&quot;:&quot;classic&quot;}\">\n\t\t\t\t\t\t<div class=\"elementor-container elementor-column-gap-default\">\n\t\t\t\t\t<div class=\"elementor-column elementor-col-100 elementor-top-column elementor-element elementor-element-d2d146c\" data-id=\"d2d146c\" data-element_type=\"column\">\n\t\t\t<div class=\"elementor-widget-wrap elementor-element-populated\">\n\t\t\t\t\t\t<div class=\"elementor-element elementor-element-56f5eb3 elementor-widget elementor-widget-heading\" data-id=\"56f5eb3\" data-element_type=\"widget\" data-widget_type=\"heading.default\">\n\t\t\t\t<div class=\"elementor-widget-container\">\n\t\t\t\t\t<h2 class=\"elementor-heading-title elementor-size-default\">K\u00f6sz\u00f6nj\u00fck \u00e9rdekl\u0151d\u00e9s\u00e9t!<\/h2>\t\t\t\t<\/div>\n\t\t\t\t<\/div>\n\t\t\t\t<div class=\"elementor-element elementor-element-df071d9 elementor-widget elementor-widget-text-editor\" data-id=\"df071d9\" data-element_type=\"widget\" data-widget_type=\"text-editor.default\">\n\t\t\t\t<div class=\"elementor-widget-container\">\n\t\t\t\t\t\t\t\t\t<p>Ezt a lak\u00f3aut\u00f3t m\u00e1r eladt\u00e1k. <a href=\"https:\/\/buyminicampers.com\/hu\/kapcsolatfelvetel\/\">Kapcsolatba l\u00e9phet vel\u00fcnk<\/a>, hogy friss\u00edt\u00e9st kapjon, amint \u00faj lak\u00f3aut\u00f3ink lesznek elad\u00f3ak. <\/p>\t\t\t\t\t\t\t\t<\/div>\n\t\t\t\t<\/div>\n\t\t\t\t<div class=\"elementor-element elementor-element-e5ef2da elementor-widget elementor-widget-text-editor\" data-id=\"e5ef2da\" data-element_type=\"widget\" data-widget_type=\"text-editor.default\">\n\t\t\t\t<div class=\"elementor-widget-container\">\n\t\t\t\t\t\t\t\t\t<p><strong><span style=\"color: #1e3440;\">Szeretn\u00e9 ellen\u0151rizni, hogy a mini lak\u00f3aut\u00f3 az \u00d6n sz\u00e1m\u00e1ra megfelel\u0151-e?<\/span><\/strong><\/p>\t\t\t\t\t\t\t\t<\/div>\n\t\t\t\t<\/div>\n\t\t\t\t<div class=\"elementor-element elementor-element-cb8a70b elementor-widget elementor-widget-text-editor\" data-id=\"cb8a70b\" data-element_type=\"widget\" data-widget_type=\"text-editor.default\">\n\t\t\t\t<div class=\"elementor-widget-container\">\n\t\t\t\t\t\t\t\t\t<p>B\u00e9reljen mini lak\u00f3aut\u00f3t a <a href=\"http:\/\/www.oceancamper.com\">www.oceancamper.com<\/a> weboldalon!<\/p>\t\t\t\t\t\t\t\t<\/div>\n\t\t\t\t<\/div>\n\t\t\t\t\t<\/div>\n\t\t<\/div>\n\t\t\t\t\t<\/div>\n\t\t<\/section>\n\t\t\t\t<\/div>\n\t\t","protected":false},"excerpt":{"rendered":"<p>Az \u00d6n \u00e1ltal keresett lak\u00f3aut\u00f3 m\u00e1r elkelt! K\u00f6sz\u00f6nj\u00fck \u00e9rdekl\u0151d\u00e9s\u00e9t! Ezt a lak\u00f3aut\u00f3t m\u00e1r eladt\u00e1k. Kapcsolatba l\u00e9phet vel\u00fcnk, hogy friss\u00edt\u00e9st kapjon, amint \u00faj lak\u00f3aut\u00f3ink lesznek elad\u00f3ak. Szeretn\u00e9 ellen\u0151rizni, hogy a mini lak\u00f3aut\u00f3 az \u00d6n sz\u00e1m\u00e1ra megfelel\u0151-e? B\u00e9reljen mini lak\u00f3aut\u00f3t a www.oceancamper.com weboldalon!<\/p>\n","protected":false},"author":1,"featured_media":178814,"parent":0,"menu_order":0,"comment_status":"closed","ping_status":"closed","template":"elementor_header_footer","meta":{"footnotes":""},"class_list":["post-178813","page","type-page","status-publish","has-post-thumbnail","hentry"],"aioseo_notices":[],"_links":{"self":[{"href":"https:\/\/buyminicampers.com\/hu\/wp-json\/wp\/v2\/pages\/178813","targetHints":{"allow":["GET"]}}],"collection":[{"href":"https:\/\/buyminicampers.com\/hu\/wp-json\/wp\/v2\/pages"}],"about":[{"href":"https:\/\/buyminicampers.com\/hu\/wp-json\/wp\/v2\/types\/page"}],"author":[{"embeddable":true,"href":"https:\/\/buyminicampers.com\/hu\/wp-json\/wp\/v2\/users\/1"}],"replies":[{"embeddable":true,"href":"https:\/\/buyminicampers.com\/hu\/wp-json\/wp\/v2\/comments?post=178813"}],"version-history":[{"count":2,"href":"https:\/\/buyminicampers.com\/hu\/wp-json\/wp\/v2\/pages\/178813\/revisions"}],"predecessor-version":[{"id":178832,"href":"https:\/\/buyminicampers.com\/hu\/wp-json\/wp\/v2\/pages\/178813\/revisions\/178832"}],"wp:featuredmedia":[{"embeddable":true,"href":"https:\/\/buyminicampers.com\/hu\/wp-json\/wp\/v2\/media\/178814"}],"wp:attachment":[{"href":"https:\/\/buyminicampers.com\/hu\/wp-json\/wp\/v2\/media?parent=178813"}],"curies":[{"name":"wp","href":"https:\/\/api.w.org\/{rel}","templated":true}]}}