{"id":178934,"date":"2022-02-16T15:05:24","date_gmt":"2022-02-16T15:05:24","guid":{"rendered":"https:\/\/buyminicampers.com\/feltetelek-es-feltetelek\/"},"modified":"2025-06-13T09:51:33","modified_gmt":"2025-06-13T09:51:33","slug":"feltetelek-es-feltetelek","status":"publish","type":"page","link":"https:\/\/buyminicampers.com\/hu\/feltetelek-es-feltetelek\/","title":{"rendered":"Felt\u00e9telek \u00e9s felt\u00e9telek"},"content":{"rendered":"\t\t<div data-elementor-type=\"wp-page\" data-elementor-id=\"178934\" class=\"elementor elementor-178934 elementor-2783\" data-elementor-post-type=\"page\">\n\t\t\t\t\t\t<section class=\"elementor-section elementor-top-section elementor-element elementor-element-b4d0df9 elementor-section-height-min-height elementor-section-stretched elementor-section-content-middle elementor-section-boxed elementor-section-height-default elementor-section-items-middle\" data-id=\"b4d0df9\" data-element_type=\"section\" data-settings=\"{&quot;stretch_section&quot;:&quot;section-stretched&quot;,&quot;background_background&quot;:&quot;classic&quot;}\">\n\t\t\t\t\t\t\t<div class=\"elementor-background-overlay\"><\/div>\n\t\t\t\t\t\t\t<div class=\"elementor-container elementor-column-gap-default\">\n\t\t\t\t\t<div class=\"elementor-column elementor-col-100 elementor-top-column elementor-element elementor-element-faa13eb\" data-id=\"faa13eb\" data-element_type=\"column\">\n\t\t\t<div class=\"elementor-widget-wrap elementor-element-populated\">\n\t\t\t\t\t\t<div class=\"elementor-element elementor-element-25c194d elementor-widget elementor-widget-heading\" data-id=\"25c194d\" data-element_type=\"widget\" data-widget_type=\"heading.default\">\n\t\t\t\t<div class=\"elementor-widget-container\">\n\t\t\t\t\t<h1 class=\"elementor-heading-title elementor-size-default\">Felt\u00e9telek \u00e9s felt\u00e9telek<\/h1>\t\t\t\t<\/div>\n\t\t\t\t<\/div>\n\t\t\t\t\t<\/div>\n\t\t<\/div>\n\t\t\t\t\t<\/div>\n\t\t<\/section>\n\t\t\t\t<section class=\"elementor-section elementor-top-section elementor-element elementor-element-da7a766 elementor-section-stretched elementor-section-boxed elementor-section-height-default elementor-section-height-default\" data-id=\"da7a766\" data-element_type=\"section\" data-settings=\"{&quot;stretch_section&quot;:&quot;section-stretched&quot;,&quot;background_background&quot;:&quot;classic&quot;}\">\n\t\t\t\t\t\t<div class=\"elementor-container elementor-column-gap-default\">\n\t\t\t\t\t<div class=\"elementor-column elementor-col-100 elementor-top-column elementor-element elementor-element-81c967f\" data-id=\"81c967f\" data-element_type=\"column\">\n\t\t\t<div class=\"elementor-widget-wrap elementor-element-populated\">\n\t\t\t\t\t\t<section class=\"elementor-section elementor-inner-section elementor-element elementor-element-a44bedf elementor-section-boxed elementor-section-height-default elementor-section-height-default\" data-id=\"a44bedf\" data-element_type=\"section\">\n\t\t\t\t\t\t<div class=\"elementor-container elementor-column-gap-default\">\n\t\t\t\t\t<div class=\"elementor-column elementor-col-100 elementor-inner-column elementor-element elementor-element-db8fb3f\" data-id=\"db8fb3f\" data-element_type=\"column\">\n\t\t\t<div class=\"elementor-widget-wrap elementor-element-populated\">\n\t\t\t\t\t\t<div class=\"elementor-element elementor-element-0ce798e elementor-widget elementor-widget-accordion\" data-id=\"0ce798e\" data-element_type=\"widget\" data-widget_type=\"accordion.default\">\n\t\t\t\t<div class=\"elementor-widget-container\">\n\t\t\t\t\t\t\t<div class=\"elementor-accordion\">\n\t\t\t\t\t\t\t<div class=\"elementor-accordion-item\">\n\t\t\t\t\t<div id=\"elementor-tab-title-1351\" class=\"elementor-tab-title\" data-tab=\"1\" role=\"button\" aria-controls=\"elementor-tab-content-1351\" aria-expanded=\"false\">\n\t\t\t\t\t\t\t\t\t\t\t\t\t<span class=\"elementor-accordion-icon elementor-accordion-icon-left\" aria-hidden=\"true\">\n\t\t\t\t\t\t\t\t\t\t\t\t\t\t\t<span class=\"elementor-accordion-icon-closed\"><i class=\"fas fa-plus\"><\/i><\/span>\n\t\t\t\t\t\t\t\t<span class=\"elementor-accordion-icon-opened\"><i class=\"fas fa-minus\"><\/i><\/span>\n\t\t\t\t\t\t\t\t\t\t\t\t\t\t<\/span>\n\t\t\t\t\t\t\t\t\t\t\t\t<a class=\"elementor-accordion-title\" tabindex=\"0\">Cookie- \u00e9s adatv\u00e9delmi ir\u00e1nyelvek<\/a>\n\t\t\t\t\t<\/div>\n\t\t\t\t\t<div id=\"elementor-tab-content-1351\" class=\"elementor-tab-content elementor-clearfix\" data-tab=\"1\" role=\"region\" aria-labelledby=\"elementor-tab-title-1351\"><h5>Helysz\u00edn C\u00e9lkit\u0171z\u00e9s<\/h5>\n<p>Ez a dokumentum tartalmazza azokat a felhaszn\u00e1l\u00e1si felt\u00e9teleket \u00e9s felt\u00e9teleket, amelyek alapj\u00e1n az Oceancamper a buyminicampers.com weboldalt a Felhaszn\u00e1l\u00f3k rendelkez\u00e9s\u00e9re bocs\u00e1tja.<\/p>\n<p>A Honlaphoz val\u00f3 hozz\u00e1f\u00e9r\u00e9snek \u00e9s annak haszn\u00e1lat\u00e1nak meg kell felelnie a jelen felhaszn\u00e1l\u00e1si felt\u00e9teleknek, amelyeknek az Oceancamper fenntartja a jogot, hogy b\u00e1rmikor m\u00f3dos\u00edtsa, helyesb\u00edtse vagy friss\u00edtse azokat. A buyminicampers.com oldalra val\u00f3 bel\u00e9p\u00e9ssel \u00e9s annak haszn\u00e1lat\u00e1val a Felhaszn\u00e1l\u00f3 teljes m\u00e9rt\u00e9kben \u00e9s fenntart\u00e1sok n\u00e9lk\u00fcl elfogadja a Felhaszn\u00e1l\u00e1si Felt\u00e9telekben foglalt valamennyi rendelkez\u00e9st. Ha a Felhaszn\u00e1l\u00f3 b\u00e1rmilyen okb\u00f3l nem \u00e9rt egyet teljes m\u00e9rt\u00e9kben az itt meghat\u00e1rozott felt\u00e9telekkel, nem l\u00e9phet be\/nem haszn\u00e1lhatja a Webhelyet.  <\/p>\n<p>Honlapunk c\u00edme: https:\/\/buyminicampers.com<\/p>\n<h5>Az oldal szerkeszt\u0151je:<\/h5>\n<p>NomadCanguru, Lda.<br \/>Rua Aquilino Ribeiro 124, 8005-177 Faro, Portug\u00e1lia<br \/>Tel: +351 920301044<br \/>buyminicampers.com<br \/>Kiad\u00f3 igazgat\u00f3ja: Nina Solyukova<br \/>Az \u00edr\u00e1s\u00e9rt felel\u0151s: Nina Solyukova<\/p>\n<h4>Milyen szem\u00e9lyes adatokat gy\u0171jt\u00fcnk \u00e9s mi\u00e9rt gy\u0171jtj\u00fck azokat<\/h4>\n<h5>Fel\u00fclvizsg\u00e1lati megh\u00edv\u00f3k \u00e9s adatkezel\u00e9s<\/h5>\n<p>Adatkezel\u0151 \u00e9s adatfeldolgoz\u00f3: Az Ocean Camper (buyminicampers.com) az \u00d6n szem\u00e9lyes adatainak adatkezel\u0151jek\u00e9nt j\u00e1r el, amikor k\u00fcl\u00f6nb\u00f6z\u0151 platformokon kereszt\u00fcl megh\u00edv\u00f3 e-maileket k\u00fcld az \u00e9rt\u00e9kel\u00e9sre. Ezek a platformok, mint p\u00e9ld\u00e1ul a Trustpilot, ebben az \u00f6sszef\u00fcgg\u00e9sben adatfeldolgoz\u00f3k\u00e9nt j\u00e1rnak el. Mindk\u00e9t f\u00e9l biztos\u00edtja, hogy az \u00d6n adatait biztons\u00e1gosan \u00e9s az alkalmazand\u00f3 jogszab\u00e1lyoknak megfelel\u0151en kezelj\u00e9k.  <\/p>\n<p>Hozz\u00e1j\u00e1rul\u00e1s \u00e9s leiratkoz\u00e1s: Azzal, hogy b\u00e9rli a t\u00e1boroz\u00f3inkat, hozz\u00e1j\u00e1rul ahhoz, hogy k\u00fcl\u00f6nb\u00f6z\u0151 platformokon kereszt\u00fcl megh\u00edv\u00f3 e-maileket kapjon t\u0151l\u00fcnk. Ha le szeretne mondani ezekr\u0151l a k\u00f6zlem\u00e9nyekr\u0151l, akkor az e-mailben tal\u00e1lhat\u00f3 link seg\u00edts\u00e9g\u00e9vel leiratkozhat, vagy k\u00f6zvetlen\u00fcl kapcsolatba l\u00e9phet vel\u00fcnk. <\/p>\n<p>Az adatok felhaszn\u00e1l\u00e1s\u00e1nak c\u00e9lja: Az \u00d6n szem\u00e9lyes adatait, bele\u00e9rtve az \u00d6n e-mail c\u00edm\u00e9t \u00e9s a b\u00e9rleti tapasztalattal kapcsolatos adatokat, kiz\u00e1r\u00f3lag a megh\u00edv\u00f3k megk\u00fcld\u00e9s\u00e9re haszn\u00e1ljuk fel. Ezeket az adatokat megoszthatjuk k\u00fcl\u00f6nb\u00f6z\u0151 fel\u00fclvizsg\u00e1lati platformokkal, hogy megk\u00f6nny\u00edts\u00fck ezt a folyamatot \u00e9s jav\u00edtsuk szolg\u00e1ltat\u00e1sainkat. <\/p>\n<p>Adatv\u00e9delmi int\u00e9zked\u00e9sek: Az \u00d6n szem\u00e9lyes adatainak v\u00e9delme \u00e9rdek\u00e9ben szigor\u00fa biztons\u00e1gi int\u00e9zked\u00e9seket alkalmazunk, p\u00e9ld\u00e1ul titkos\u00edt\u00e1st, hozz\u00e1f\u00e9r\u00e9s-ellen\u0151rz\u00e9st \u00e9s rendszeres biztons\u00e1gi ellen\u0151rz\u00e9seket.<\/p>\n<p>Felhaszn\u00e1l\u00f3i jogok: \u00d6n jogosult szem\u00e9lyes adataihoz hozz\u00e1f\u00e9rni, azokat helyesb\u00edteni vagy t\u00f6r\u00f6lni. Ha b\u00e1rmilyen k\u00e9rd\u00e9se vagy agg\u00e1lya van az adataival kapcsolatban, k\u00e9rj\u00fck, vegye fel vel\u00fcnk a kapcsolatot. <\/p>\n<h5>M\u00e9dia<\/h5>\n<p>Ha k\u00e9peket t\u00f6lt fel a weboldalra, ker\u00fclje a be\u00e1gyazott helymeghat\u00e1roz\u00f3 adatokkal (EXIF GPS) ell\u00e1tott k\u00e9pek felt\u00f6lt\u00e9s\u00e9t. A weboldal l\u00e1togat\u00f3i let\u00f6lthetnek \u00e9s kivehetnek b\u00e1rmilyen helymeghat\u00e1roz\u00f3 adatot a weboldalon tal\u00e1lhat\u00f3 k\u00e9pekb\u0151l. <\/p>\n<h5>Kapcsolatfelv\u00e9teli \u0171rlapok<\/h5>\n<p>Ezt az oldalt a reCAPTCHA v\u00e9di, \u00e9s a Google Adatv\u00e9delmi ir\u00e1nyelvek \u00e9s Szolg\u00e1ltat\u00e1si felt\u00e9telek vonatkoznak r\u00e1.<\/p>\n<h5>S\u00fctik<\/h5>\n<p>Ha hozz\u00e1sz\u00f3l\u00e1st hagy az oldalunkon, akkor hozz\u00e1j\u00e1rulhat ahhoz, hogy a neve, e-mail c\u00edme \u00e9s weboldala a cookie-kban t\u00e1rol\u00e1sra ker\u00fclj\u00f6n. Ezek az \u00d6n k\u00e9nyelm\u00e9t szolg\u00e1lj\u00e1k, \u00edgy nem kell \u00fajra megadnia adatait, amikor \u00fajabb hozz\u00e1sz\u00f3l\u00e1st hagy. Ezek a cookie-k egy \u00e9vig maradnak fenn.<br \/>Ha megl\u00e1togatja a bejelentkez\u00e9si oldalunkat, akkor egy ideiglenes cookie-t \u00e1ll\u00edtunk be, hogy meg\u00e1llap\u00edtsuk, hogy az \u00d6n b\u00f6ng\u00e9sz\u0151je elfogadja-e a cookie-kat. Ez a s\u00fcti nem tartalmaz szem\u00e9lyes adatokat, \u00e9s a b\u00f6ng\u00e9sz\u0151 bez\u00e1r\u00e1sakor elvet\u00e9sre ker\u00fcl.   <\/p>\n<h5>Be\u00e1gyazott tartalom m\u00e1s webhelyekr\u0151l<\/h5>\n<p>Az oldalon tal\u00e1lhat\u00f3 cikkek tartalmazhatnak be\u00e1gyazott tartalmakat (pl. vide\u00f3kat, k\u00e9peket, cikkeket stb.). A m\u00e1s webhelyekr\u0151l sz\u00e1rmaz\u00f3 be\u00e1gyazott tartalom pontosan ugyan\u00fagy viselkedik, mintha a l\u00e1togat\u00f3 a m\u00e1sik webhelyet l\u00e1togatta volna meg.<br \/>Ezek a webhelyek adatokat gy\u0171jthetnek \u00d6nr\u0151l, cookie-kat haszn\u00e1lhatnak, tov\u00e1bbi harmadik f\u00e9lt\u0151l sz\u00e1rmaz\u00f3 nyomk\u00f6vet\u00e9st \u00e1gyazhatnak be, \u00e9s nyomon k\u00f6vethetik az \u00d6n interakci\u00f3j\u00e1t a be\u00e1gyazott tartalommal, bele\u00e9rtve a be\u00e1gyazott tartalommal val\u00f3 interakci\u00f3j\u00e1nak nyomon k\u00f6vet\u00e9s\u00e9t, ha \u00d6n rendelkezik fi\u00f3kkal \u00e9s be van jelentkezve az adott webhelyre. <\/p>\n<h5>Mennyi ideig \u0151rizz\u00fck meg az \u00d6n adatait<\/h5>\n<p>Ha hozz\u00e1sz\u00f3l\u00e1st hagy, a hozz\u00e1sz\u00f3l\u00e1s \u00e9s annak metaadatai hat\u00e1rozatlan ideig megmaradnak. Ez az\u00e9rt van, hogy a moder\u00e1l\u00e1si sorban tart\u00e1s helyett automatikusan felismerhess\u00fck \u00e9s j\u00f3v\u00e1hagyhassuk a tov\u00e1bbi hozz\u00e1sz\u00f3l\u00e1sokat.<br \/>A weboldalunkon regisztr\u00e1l\u00f3 felhaszn\u00e1l\u00f3k eset\u00e9ben (ha vannak ilyenek) az \u00e1ltaluk megadott szem\u00e9lyes adatokat is t\u00e1roljuk a felhaszn\u00e1l\u00f3i profiljukban. Minden felhaszn\u00e1l\u00f3 b\u00e1rmikor megtekintheti, szerkesztheti vagy t\u00f6r\u00f6lheti szem\u00e9lyes adatait (kiv\u00e9ve, hogy a felhaszn\u00e1l\u00f3nev\u00e9t nem v\u00e1ltoztathatja meg). A weboldal adminisztr\u00e1torai is l\u00e1thatj\u00e1k \u00e9s szerkeszthetik ezeket az inform\u00e1ci\u00f3kat.   <\/p>\n<\/div>\n\t\t\t\t<\/div>\n\t\t\t\t\t\t\t\t<\/div>\n\t\t\t\t\t\t<\/div>\n\t\t\t\t<\/div>\n\t\t\t\t\t<\/div>\n\t\t<\/div>\n\t\t\t\t\t<\/div>\n\t\t<\/section>\n\t\t\t\t\t<\/div>\n\t\t<\/div>\n\t\t\t\t\t<\/div>\n\t\t<\/section>\n\t\t\t\t<\/div>\n\t\t","protected":false},"excerpt":{"rendered":"<p>Felt\u00e9telek \u00e9s felt\u00e9telek Cookie- \u00e9s adatv\u00e9delmi ir\u00e1nyelvek Helysz\u00edn C\u00e9lkit\u0171z\u00e9s Ez a dokumentum tartalmazza azokat a felhaszn\u00e1l\u00e1si felt\u00e9teleket \u00e9s felt\u00e9teleket, amelyek alapj\u00e1n az Oceancamper a buyminicampers.com weboldalt a Felhaszn\u00e1l\u00f3k rendelkez\u00e9s\u00e9re bocs\u00e1tja. A Honlaphoz val\u00f3 hozz\u00e1f\u00e9r\u00e9snek \u00e9s annak haszn\u00e1lat\u00e1nak meg kell felelnie a jelen felhaszn\u00e1l\u00e1si felt\u00e9teleknek, amelyeknek az Oceancamper fenntartja a jogot, hogy b\u00e1rmikor m\u00f3dos\u00edtsa, helyesb\u00edtse vagy [&hellip;]<\/p>\n","protected":false},"author":1,"featured_media":0,"parent":0,"menu_order":0,"comment_status":"closed","ping_status":"closed","template":"elementor_header_footer","meta":{"footnotes":""},"class_list":["post-178934","page","type-page","status-publish","hentry"],"aioseo_notices":[],"_links":{"self":[{"href":"https:\/\/buyminicampers.com\/hu\/wp-json\/wp\/v2\/pages\/178934","targetHints":{"allow":["GET"]}}],"collection":[{"href":"https:\/\/buyminicampers.com\/hu\/wp-json\/wp\/v2\/pages"}],"about":[{"href":"https:\/\/buyminicampers.com\/hu\/wp-json\/wp\/v2\/types\/page"}],"author":[{"embeddable":true,"href":"https:\/\/buyminicampers.com\/hu\/wp-json\/wp\/v2\/users\/1"}],"replies":[{"embeddable":true,"href":"https:\/\/buyminicampers.com\/hu\/wp-json\/wp\/v2\/comments?post=178934"}],"version-history":[{"count":1,"href":"https:\/\/buyminicampers.com\/hu\/wp-json\/wp\/v2\/pages\/178934\/revisions"}],"predecessor-version":[{"id":178935,"href":"https:\/\/buyminicampers.com\/hu\/wp-json\/wp\/v2\/pages\/178934\/revisions\/178935"}],"wp:attachment":[{"href":"https:\/\/buyminicampers.com\/hu\/wp-json\/wp\/v2\/media?parent=178934"}],"curies":[{"name":"wp","href":"https:\/\/api.w.org\/{rel}","templated":true}]}}