{"id":178912,"date":"2022-02-16T15:51:33","date_gmt":"2022-02-16T15:51:33","guid":{"rendered":"https:\/\/buyminicampers.com\/campervan-sprzedany\/"},"modified":"2025-06-13T09:51:18","modified_gmt":"2025-06-13T09:51:18","slug":"campervan-sprzedany","status":"publish","type":"page","link":"https:\/\/buyminicampers.com\/pl\/campervan-sprzedany\/","title":{"rendered":"Campervan sprzedany"},"content":{"rendered":"\t\t<div data-elementor-type=\"wp-page\" data-elementor-id=\"178912\" class=\"elementor elementor-178912 elementor-2792\" data-elementor-post-type=\"page\">\n\t\t\t\t\t\t<section class=\"elementor-section elementor-top-section elementor-element elementor-element-cc5b487 elementor-section-height-min-height elementor-section-stretched elementor-section-content-middle elementor-section-boxed elementor-section-height-default elementor-section-items-middle\" data-id=\"cc5b487\" data-element_type=\"section\" data-settings=\"{&quot;stretch_section&quot;:&quot;section-stretched&quot;,&quot;background_background&quot;:&quot;gradient&quot;}\">\n\t\t\t\t\t\t<div class=\"elementor-container elementor-column-gap-default\">\n\t\t\t\t\t<div class=\"elementor-column elementor-col-100 elementor-top-column elementor-element elementor-element-03c24db\" data-id=\"03c24db\" data-element_type=\"column\">\n\t\t\t<div class=\"elementor-widget-wrap elementor-element-populated\">\n\t\t\t\t\t\t<div class=\"elementor-element elementor-element-64cf295 elementor-widget elementor-widget-heading\" data-id=\"64cf295\" data-element_type=\"widget\" data-widget_type=\"heading.default\">\n\t\t\t\t<div class=\"elementor-widget-container\">\n\t\t\t\t\t<h1 class=\"elementor-heading-title elementor-size-default\">Campervan, kt\u00f3rego szuka\u0142e\u015b, zosta\u0142 ju\u017c sprzedany!<\/h1>\t\t\t\t<\/div>\n\t\t\t\t<\/div>\n\t\t\t\t\t<\/div>\n\t\t<\/div>\n\t\t\t\t\t<\/div>\n\t\t<\/section>\n\t\t\t\t<section class=\"elementor-section elementor-top-section elementor-element elementor-element-45c8fde elementor-section-stretched elementor-section-boxed elementor-section-height-default elementor-section-height-default\" data-id=\"45c8fde\" data-element_type=\"section\" data-settings=\"{&quot;stretch_section&quot;:&quot;section-stretched&quot;,&quot;background_background&quot;:&quot;classic&quot;}\">\n\t\t\t\t\t\t<div class=\"elementor-container elementor-column-gap-default\">\n\t\t\t\t\t<div class=\"elementor-column elementor-col-100 elementor-top-column elementor-element elementor-element-d2d146c\" data-id=\"d2d146c\" data-element_type=\"column\">\n\t\t\t<div class=\"elementor-widget-wrap elementor-element-populated\">\n\t\t\t\t\t\t<div class=\"elementor-element elementor-element-56f5eb3 elementor-widget elementor-widget-heading\" data-id=\"56f5eb3\" data-element_type=\"widget\" data-widget_type=\"heading.default\">\n\t\t\t\t<div class=\"elementor-widget-container\">\n\t\t\t\t\t<h2 class=\"elementor-heading-title elementor-size-default\">Dzi\u0119kujemy za zainteresowanie!<\/h2>\t\t\t\t<\/div>\n\t\t\t\t<\/div>\n\t\t\t\t<div class=\"elementor-element elementor-element-df071d9 elementor-widget elementor-widget-text-editor\" data-id=\"df071d9\" data-element_type=\"widget\" data-widget_type=\"text-editor.default\">\n\t\t\t\t<div class=\"elementor-widget-container\">\n\t\t\t\t\t\t\t\t\t<p>Ten kamper zosta\u0142 ju\u017c sprzedany. Mo\u017cesz <a href=\"https:\/\/buyminicampers.com\/pl\/kontakt\/\">skontaktowa\u0107 si\u0119 z nami<\/a>, aby by\u0107 na bie\u017c\u0105co, gdy pojawi\u0105 si\u0119 nowe kampery na sprzeda\u017c. <\/p>\t\t\t\t\t\t\t\t<\/div>\n\t\t\t\t<\/div>\n\t\t\t\t<div class=\"elementor-element elementor-element-e5ef2da elementor-widget elementor-widget-text-editor\" data-id=\"e5ef2da\" data-element_type=\"widget\" data-widget_type=\"text-editor.default\">\n\t\t\t\t<div class=\"elementor-widget-container\">\n\t\t\t\t\t\t\t\t\t<p><strong><span style=\"color: #1e3440;\">Chcesz sprawdzi\u0107, czy mini campervan to co\u015b dla Ciebie?<\/span><\/strong><\/p>\t\t\t\t\t\t\t\t<\/div>\n\t\t\t\t<\/div>\n\t\t\t\t<div class=\"elementor-element elementor-element-cb8a70b elementor-widget elementor-widget-text-editor\" data-id=\"cb8a70b\" data-element_type=\"widget\" data-widget_type=\"text-editor.default\">\n\t\t\t\t<div class=\"elementor-widget-container\">\n\t\t\t\t\t\t\t\t\t<p>Mo\u017cesz wypo\u017cyczy\u0107 jeden z naszych mini kamper\u00f3w na <a href=\"http:\/\/www.oceancamper.com\">www.oceancamper.com!<\/a><\/p>\t\t\t\t\t\t\t\t<\/div>\n\t\t\t\t<\/div>\n\t\t\t\t\t<\/div>\n\t\t<\/div>\n\t\t\t\t\t<\/div>\n\t\t<\/section>\n\t\t\t\t<\/div>\n\t\t","protected":false},"excerpt":{"rendered":"<p>Campervan, kt\u00f3rego szuka\u0142e\u015b, zosta\u0142 ju\u017c sprzedany! Dzi\u0119kujemy za zainteresowanie! Ten kamper zosta\u0142 ju\u017c sprzedany. Mo\u017cesz skontaktowa\u0107 si\u0119 z nami, aby by\u0107 na bie\u017c\u0105co, gdy pojawi\u0105 si\u0119 nowe kampery na sprzeda\u017c. Chcesz sprawdzi\u0107, czy mini campervan to co\u015b dla Ciebie? Mo\u017cesz wypo\u017cyczy\u0107 jeden z naszych mini kamper\u00f3w na www.oceancamper.com!<\/p>\n","protected":false},"author":1,"featured_media":178913,"parent":0,"menu_order":0,"comment_status":"closed","ping_status":"closed","template":"elementor_header_footer","meta":{"footnotes":""},"class_list":["post-178912","page","type-page","status-publish","has-post-thumbnail","hentry"],"aioseo_notices":[],"_links":{"self":[{"href":"https:\/\/buyminicampers.com\/pl\/wp-json\/wp\/v2\/pages\/178912","targetHints":{"allow":["GET"]}}],"collection":[{"href":"https:\/\/buyminicampers.com\/pl\/wp-json\/wp\/v2\/pages"}],"about":[{"href":"https:\/\/buyminicampers.com\/pl\/wp-json\/wp\/v2\/types\/page"}],"author":[{"embeddable":true,"href":"https:\/\/buyminicampers.com\/pl\/wp-json\/wp\/v2\/users\/1"}],"replies":[{"embeddable":true,"href":"https:\/\/buyminicampers.com\/pl\/wp-json\/wp\/v2\/comments?post=178912"}],"version-history":[{"count":1,"href":"https:\/\/buyminicampers.com\/pl\/wp-json\/wp\/v2\/pages\/178912\/revisions"}],"predecessor-version":[{"id":178914,"href":"https:\/\/buyminicampers.com\/pl\/wp-json\/wp\/v2\/pages\/178912\/revisions\/178914"}],"wp:featuredmedia":[{"embeddable":true,"href":"https:\/\/buyminicampers.com\/pl\/wp-json\/wp\/v2\/media\/178913"}],"wp:attachment":[{"href":"https:\/\/buyminicampers.com\/pl\/wp-json\/wp\/v2\/media?parent=178912"}],"curies":[{"name":"wp","href":"https:\/\/api.w.org\/{rel}","templated":true}]}}