{"id":178949,"date":"2022-02-16T15:05:24","date_gmt":"2022-02-16T15:05:24","guid":{"rendered":"https:\/\/buyminicampers.com\/zasady-i-warunki\/"},"modified":"2025-06-13T09:51:46","modified_gmt":"2025-06-13T09:51:46","slug":"zasady-i-warunki","status":"publish","type":"page","link":"https:\/\/buyminicampers.com\/pl\/zasady-i-warunki\/","title":{"rendered":"Zasady i warunki"},"content":{"rendered":"\t\t<div data-elementor-type=\"wp-page\" data-elementor-id=\"178949\" class=\"elementor elementor-178949 elementor-2783\" data-elementor-post-type=\"page\">\n\t\t\t\t\t\t<section class=\"elementor-section elementor-top-section elementor-element elementor-element-b4d0df9 elementor-section-height-min-height elementor-section-stretched elementor-section-content-middle elementor-section-boxed elementor-section-height-default elementor-section-items-middle\" data-id=\"b4d0df9\" data-element_type=\"section\" data-settings=\"{&quot;stretch_section&quot;:&quot;section-stretched&quot;,&quot;background_background&quot;:&quot;classic&quot;}\">\n\t\t\t\t\t\t\t<div class=\"elementor-background-overlay\"><\/div>\n\t\t\t\t\t\t\t<div class=\"elementor-container elementor-column-gap-default\">\n\t\t\t\t\t<div class=\"elementor-column elementor-col-100 elementor-top-column elementor-element elementor-element-faa13eb\" data-id=\"faa13eb\" data-element_type=\"column\">\n\t\t\t<div class=\"elementor-widget-wrap elementor-element-populated\">\n\t\t\t\t\t\t<div class=\"elementor-element elementor-element-25c194d elementor-widget elementor-widget-heading\" data-id=\"25c194d\" data-element_type=\"widget\" data-widget_type=\"heading.default\">\n\t\t\t\t<div class=\"elementor-widget-container\">\n\t\t\t\t\t<h1 class=\"elementor-heading-title elementor-size-default\">Zasady i warunki<\/h1>\t\t\t\t<\/div>\n\t\t\t\t<\/div>\n\t\t\t\t\t<\/div>\n\t\t<\/div>\n\t\t\t\t\t<\/div>\n\t\t<\/section>\n\t\t\t\t<section class=\"elementor-section elementor-top-section elementor-element elementor-element-da7a766 elementor-section-stretched elementor-section-boxed elementor-section-height-default elementor-section-height-default\" data-id=\"da7a766\" data-element_type=\"section\" data-settings=\"{&quot;stretch_section&quot;:&quot;section-stretched&quot;,&quot;background_background&quot;:&quot;classic&quot;}\">\n\t\t\t\t\t\t<div class=\"elementor-container elementor-column-gap-default\">\n\t\t\t\t\t<div class=\"elementor-column elementor-col-100 elementor-top-column elementor-element elementor-element-81c967f\" data-id=\"81c967f\" data-element_type=\"column\">\n\t\t\t<div class=\"elementor-widget-wrap elementor-element-populated\">\n\t\t\t\t\t\t<section class=\"elementor-section elementor-inner-section elementor-element elementor-element-a44bedf elementor-section-boxed elementor-section-height-default elementor-section-height-default\" data-id=\"a44bedf\" data-element_type=\"section\">\n\t\t\t\t\t\t<div class=\"elementor-container elementor-column-gap-default\">\n\t\t\t\t\t<div class=\"elementor-column elementor-col-100 elementor-inner-column elementor-element elementor-element-db8fb3f\" data-id=\"db8fb3f\" data-element_type=\"column\">\n\t\t\t<div class=\"elementor-widget-wrap elementor-element-populated\">\n\t\t\t\t\t\t<div class=\"elementor-element elementor-element-0ce798e elementor-widget elementor-widget-accordion\" data-id=\"0ce798e\" data-element_type=\"widget\" data-widget_type=\"accordion.default\">\n\t\t\t\t<div class=\"elementor-widget-container\">\n\t\t\t\t\t\t\t<div class=\"elementor-accordion\">\n\t\t\t\t\t\t\t<div class=\"elementor-accordion-item\">\n\t\t\t\t\t<div id=\"elementor-tab-title-1351\" class=\"elementor-tab-title\" data-tab=\"1\" role=\"button\" aria-controls=\"elementor-tab-content-1351\" aria-expanded=\"false\">\n\t\t\t\t\t\t\t\t\t\t\t\t\t<span class=\"elementor-accordion-icon elementor-accordion-icon-left\" aria-hidden=\"true\">\n\t\t\t\t\t\t\t\t\t\t\t\t\t\t\t<span class=\"elementor-accordion-icon-closed\"><i class=\"fas fa-plus\"><\/i><\/span>\n\t\t\t\t\t\t\t\t<span class=\"elementor-accordion-icon-opened\"><i class=\"fas fa-minus\"><\/i><\/span>\n\t\t\t\t\t\t\t\t\t\t\t\t\t\t<\/span>\n\t\t\t\t\t\t\t\t\t\t\t\t<a class=\"elementor-accordion-title\" tabindex=\"0\">Zasady dotycz\u0105ce plik\u00f3w cookie i polityki prywatno\u015bci<\/a>\n\t\t\t\t\t<\/div>\n\t\t\t\t\t<div id=\"elementor-tab-content-1351\" class=\"elementor-tab-content elementor-clearfix\" data-tab=\"1\" role=\"region\" aria-labelledby=\"elementor-tab-title-1351\"><h5>Cel strony<\/h5>\n<p>Niniejszy dokument zawiera warunki u\u017cytkowania i zasady, na jakich Oceancamper udost\u0119pnia U\u017cytkownikom swoj\u0105 stron\u0119 internetow\u0105 buyminicampers.com.<\/p>\n<p>Ka\u017cdy dost\u0119p do Witryny i korzystanie z niej musi by\u0107 zgodne z niniejszymi warunkami u\u017cytkowania, kt\u00f3re Oceancamper zastrzega sobie prawo do modyfikowania, poprawiania lub aktualizowania w dowolnym momencie. Uzyskuj\u0105c dost\u0119p i korzystaj\u0105c z Witryny buyminicampers.com, U\u017cytkownik akceptuje, w pe\u0142ni i bez zastrze\u017ce\u0144, wszystkie postanowienia zawarte w Warunkach u\u017cytkowania. Je\u015bli z jakiegokolwiek powodu U\u017cytkownik nie zgadza si\u0119 w pe\u0142ni z warunkami okre\u015blonymi w niniejszym dokumencie, nie powinien uzyskiwa\u0107 dost\u0119pu\/u\u017cywa\u0107 Witryny.  <\/p>\n<p>Adres naszej strony internetowej to: https:\/\/buyminicampers.com<\/p>\n<h5>Redaktor strony:<\/h5>\n<p>NomadCanguru, Lda.<br \/>Rua Aquilino Ribeiro 124, 8005-177 Faro, Portugalia<br \/>Tel: +351 920301044<br \/>buyminicampers.com<br \/>Dyrektor publikacji: Nina Solyukova<br \/>Odpowiedzialny za pisanie: Nina Solyukova<\/p>\n<h4>Jakie dane osobowe gromadzimy i dlaczego je gromadzimy<\/h4>\n<h5>Przegl\u0105d zaprosze\u0144 i obs\u0142uga danych<\/h5>\n<p>Administrator danych i podmiot przetwarzaj\u0105cy: Ocean Camper (buyminicampers.com) dzia\u0142a jako administrator danych osobowych u\u017cytkownika podczas wysy\u0142ania wiadomo\u015bci e-mail z zaproszeniem do recenzji za po\u015brednictwem r\u00f3\u017cnych platform. Platformy te, takie jak Trustpilot, dzia\u0142aj\u0105 w tym kontek\u015bcie jako podmioty przetwarzaj\u0105ce dane. Obie strony zapewniaj\u0105, \u017ce dane u\u017cytkownika s\u0105 przetwarzane w spos\u00f3b bezpieczny i zgodny z obowi\u0105zuj\u0105cymi przepisami prawa.  <\/p>\n<p>Zgoda i rezygnacja: Wynajmuj\u0105c nasze kampery, u\u017cytkownik wyra\u017ca zgod\u0119 na otrzymywanie od nas wiadomo\u015bci e-mail z zaproszeniem do przegl\u0105du za po\u015brednictwem r\u00f3\u017cnych platform. Je\u015bli chcesz zrezygnowa\u0107 z tych wiadomo\u015bci, mo\u017cesz anulowa\u0107 subskrypcj\u0119 za pomoc\u0105 \u0142\u0105cza podanego w wiadomo\u015bci e-mail lub skontaktowa\u0107 si\u0119 z nami bezpo\u015brednio. <\/p>\n<p>Cel wykorzystania danych: Dane osobowe u\u017cytkownika, w tym adres e-mail i szczeg\u00f3\u0142y dotycz\u0105ce wynajmu, b\u0119d\u0105 wykorzystywane wy\u0142\u0105cznie do wysy\u0142ania zaprosze\u0144 do recenzji. Dane te mog\u0105 by\u0107 udost\u0119pniane r\u00f3\u017cnym platformom recenzenckim w celu u\u0142atwienia tego procesu i ulepszenia naszych us\u0142ug. <\/p>\n<p>\u015arodki ochrony danych: Wdra\u017camy rygorystyczne \u015brodki bezpiecze\u0144stwa w celu ochrony danych osobowych u\u017cytkownik\u00f3w, takie jak szyfrowanie, kontrola dost\u0119pu i regularne audyty bezpiecze\u0144stwa.<\/p>\n<p>Prawa u\u017cytkownika: U\u017cytkownik ma prawo dost\u0119pu do swoich danych osobowych, ich poprawiania lub usuni\u0119cia. W przypadku jakichkolwiek pyta\u0144 lub w\u0105tpliwo\u015bci dotycz\u0105cych danych u\u017cytkownika prosimy o kontakt. <\/p>\n<h5>Media<\/h5>\n<p>W przypadku przesy\u0142ania obraz\u00f3w na stron\u0119 internetow\u0105 nale\u017cy unika\u0107 przesy\u0142ania obraz\u00f3w z osadzonymi danymi lokalizacji (EXIF GPS). Odwiedzaj\u0105cy witryn\u0119 mog\u0105 pobiera\u0107 i wyodr\u0119bnia\u0107 wszelkie dane o lokalizacji z obraz\u00f3w w witrynie. <\/p>\n<h5>Formularze kontaktowe<\/h5>\n<p>Ta strona jest chroniona przez reCAPTCHA i maj\u0105 do niej zastosowanie Polityka prywatno\u015bci i Warunki korzystania z us\u0142ugi Google.<\/p>\n<h5>Pliki cookie<\/h5>\n<p>Je\u015bli zostawisz komentarz na naszej stronie, mo\u017cesz wyrazi\u0107 zgod\u0119 na zapisanie swojego imienia i nazwiska, adresu e-mail i strony internetowej w plikach cookie. S\u0105 one przeznaczone dla wygody u\u017cytkownika, dzi\u0119ki czemu nie musi on ponownie wpisywa\u0107 swoich danych, gdy zostawia kolejny komentarz. Te pliki cookie b\u0119d\u0105 przechowywane przez rok.<br \/>Je\u015bli odwiedzisz nasz\u0105 stron\u0119 logowania, ustawimy tymczasowy plik cookie, aby okre\u015bli\u0107, czy Twoja przegl\u0105darka akceptuje pliki cookie. Ten plik cookie nie zawiera danych osobowych i jest usuwany po zamkni\u0119ciu przegl\u0105darki.   <\/p>\n<h5>Osadzona zawarto\u015b\u0107 z innych stron internetowych<\/h5>\n<p>Artyku\u0142y na tej stronie mog\u0105 zawiera\u0107 osadzone tre\u015bci (np. filmy, obrazy, artyku\u0142y itp.). Osadzone tre\u015bci z innych witryn zachowuj\u0105 si\u0119 dok\u0142adnie tak samo, jak gdyby u\u017cytkownik odwiedzi\u0142 inn\u0105 witryn\u0119.<br \/>Witryny te mog\u0105 gromadzi\u0107 dane o u\u017cytkowniku, u\u017cywa\u0107 plik\u00f3w cookie, osadza\u0107 dodatkowe \u015bledzenie stron trzecich i monitorowa\u0107 interakcj\u0119 u\u017cytkownika z osadzonymi tre\u015bciami, w tym \u015bledzenie interakcji u\u017cytkownika z osadzonymi tre\u015bciami, je\u015bli u\u017cytkownik ma konto i jest zalogowany w tej witrynie. <\/p>\n<h5>Jak d\u0142ugo przechowujemy dane u\u017cytkownika<\/h5>\n<p>Je\u015bli zostawisz komentarz, komentarz i jego metadane s\u0105 przechowywane przez czas nieokre\u015blony. Dzi\u0119ki temu mo\u017cemy automatycznie rozpoznawa\u0107 i zatwierdza\u0107 wszelkie kolejne komentarze, zamiast trzyma\u0107 je w kolejce moderacji.<br \/>W przypadku u\u017cytkownik\u00f3w, kt\u00f3rzy zarejestruj\u0105 si\u0119 na naszej stronie internetowej (je\u015bli istniej\u0105), przechowujemy r\u00f3wnie\u017c dane osobowe, kt\u00f3re podaj\u0105 w swoim profilu u\u017cytkownika. Wszyscy u\u017cytkownicy mog\u0105 przegl\u0105da\u0107, edytowa\u0107 lub usuwa\u0107 swoje dane osobowe w dowolnym momencie (z wyj\u0105tkiem tego, \u017ce nie mog\u0105 zmieni\u0107 swojej nazwy u\u017cytkownika). Administratorzy witryny mog\u0105 r\u00f3wnie\u017c przegl\u0105da\u0107 i edytowa\u0107 te informacje.   <\/p>\n<\/div>\n\t\t\t\t<\/div>\n\t\t\t\t\t\t\t\t<\/div>\n\t\t\t\t\t\t<\/div>\n\t\t\t\t<\/div>\n\t\t\t\t\t<\/div>\n\t\t<\/div>\n\t\t\t\t\t<\/div>\n\t\t<\/section>\n\t\t\t\t\t<\/div>\n\t\t<\/div>\n\t\t\t\t\t<\/div>\n\t\t<\/section>\n\t\t\t\t<\/div>\n\t\t","protected":false},"excerpt":{"rendered":"<p>Zasady i warunki Zasady dotycz\u0105ce plik\u00f3w cookie i polityki prywatno\u015bci Cel strony Niniejszy dokument zawiera warunki u\u017cytkowania i zasady, na jakich Oceancamper udost\u0119pnia U\u017cytkownikom swoj\u0105 stron\u0119 internetow\u0105 buyminicampers.com. Ka\u017cdy dost\u0119p do Witryny i korzystanie z niej musi by\u0107 zgodne z niniejszymi warunkami u\u017cytkowania, kt\u00f3re Oceancamper zastrzega sobie prawo do modyfikowania, poprawiania lub aktualizowania w dowolnym [&hellip;]<\/p>\n","protected":false},"author":1,"featured_media":0,"parent":0,"menu_order":0,"comment_status":"closed","ping_status":"closed","template":"elementor_header_footer","meta":{"footnotes":""},"class_list":["post-178949","page","type-page","status-publish","hentry"],"aioseo_notices":[],"_links":{"self":[{"href":"https:\/\/buyminicampers.com\/pl\/wp-json\/wp\/v2\/pages\/178949","targetHints":{"allow":["GET"]}}],"collection":[{"href":"https:\/\/buyminicampers.com\/pl\/wp-json\/wp\/v2\/pages"}],"about":[{"href":"https:\/\/buyminicampers.com\/pl\/wp-json\/wp\/v2\/types\/page"}],"author":[{"embeddable":true,"href":"https:\/\/buyminicampers.com\/pl\/wp-json\/wp\/v2\/users\/1"}],"replies":[{"embeddable":true,"href":"https:\/\/buyminicampers.com\/pl\/wp-json\/wp\/v2\/comments?post=178949"}],"version-history":[{"count":1,"href":"https:\/\/buyminicampers.com\/pl\/wp-json\/wp\/v2\/pages\/178949\/revisions"}],"predecessor-version":[{"id":178950,"href":"https:\/\/buyminicampers.com\/pl\/wp-json\/wp\/v2\/pages\/178949\/revisions\/178950"}],"wp:attachment":[{"href":"https:\/\/buyminicampers.com\/pl\/wp-json\/wp\/v2\/media?parent=178949"}],"curies":[{"name":"wp","href":"https:\/\/api.w.org\/{rel}","templated":true}]}}