{"id":178932,"date":"2022-02-16T15:05:24","date_gmt":"2022-02-16T15:05:24","guid":{"rendered":"https:\/\/buyminicampers.com\/termos-e-condicoes\/"},"modified":"2025-06-13T09:51:33","modified_gmt":"2025-06-13T09:51:33","slug":"termos-e-condicoes","status":"publish","type":"page","link":"https:\/\/buyminicampers.com\/pt-pt\/termos-e-condicoes\/","title":{"rendered":"Termos e Condi\u00e7\u00f5es"},"content":{"rendered":"\t\t<div data-elementor-type=\"wp-page\" data-elementor-id=\"178932\" class=\"elementor elementor-178932 elementor-2783\" data-elementor-post-type=\"page\">\n\t\t\t\t\t\t<section class=\"elementor-section elementor-top-section elementor-element elementor-element-b4d0df9 elementor-section-height-min-height elementor-section-stretched elementor-section-content-middle elementor-section-boxed elementor-section-height-default elementor-section-items-middle\" data-id=\"b4d0df9\" data-element_type=\"section\" data-settings=\"{&quot;stretch_section&quot;:&quot;section-stretched&quot;,&quot;background_background&quot;:&quot;classic&quot;}\">\n\t\t\t\t\t\t\t<div class=\"elementor-background-overlay\"><\/div>\n\t\t\t\t\t\t\t<div class=\"elementor-container elementor-column-gap-default\">\n\t\t\t\t\t<div class=\"elementor-column elementor-col-100 elementor-top-column elementor-element elementor-element-faa13eb\" data-id=\"faa13eb\" data-element_type=\"column\">\n\t\t\t<div class=\"elementor-widget-wrap elementor-element-populated\">\n\t\t\t\t\t\t<div class=\"elementor-element elementor-element-25c194d elementor-widget elementor-widget-heading\" data-id=\"25c194d\" data-element_type=\"widget\" data-widget_type=\"heading.default\">\n\t\t\t\t<div class=\"elementor-widget-container\">\n\t\t\t\t\t<h1 class=\"elementor-heading-title elementor-size-default\">Termos e Condi\u00e7\u00f5es<\/h1>\t\t\t\t<\/div>\n\t\t\t\t<\/div>\n\t\t\t\t\t<\/div>\n\t\t<\/div>\n\t\t\t\t\t<\/div>\n\t\t<\/section>\n\t\t\t\t<section class=\"elementor-section elementor-top-section elementor-element elementor-element-da7a766 elementor-section-stretched elementor-section-boxed elementor-section-height-default elementor-section-height-default\" data-id=\"da7a766\" data-element_type=\"section\" data-settings=\"{&quot;stretch_section&quot;:&quot;section-stretched&quot;,&quot;background_background&quot;:&quot;classic&quot;}\">\n\t\t\t\t\t\t<div class=\"elementor-container elementor-column-gap-default\">\n\t\t\t\t\t<div class=\"elementor-column elementor-col-100 elementor-top-column elementor-element elementor-element-81c967f\" data-id=\"81c967f\" data-element_type=\"column\">\n\t\t\t<div class=\"elementor-widget-wrap elementor-element-populated\">\n\t\t\t\t\t\t<section class=\"elementor-section elementor-inner-section elementor-element elementor-element-a44bedf elementor-section-boxed elementor-section-height-default elementor-section-height-default\" data-id=\"a44bedf\" data-element_type=\"section\">\n\t\t\t\t\t\t<div class=\"elementor-container elementor-column-gap-default\">\n\t\t\t\t\t<div class=\"elementor-column elementor-col-100 elementor-inner-column elementor-element elementor-element-db8fb3f\" data-id=\"db8fb3f\" data-element_type=\"column\">\n\t\t\t<div class=\"elementor-widget-wrap elementor-element-populated\">\n\t\t\t\t\t\t<div class=\"elementor-element elementor-element-0ce798e elementor-widget elementor-widget-accordion\" data-id=\"0ce798e\" data-element_type=\"widget\" data-widget_type=\"accordion.default\">\n\t\t\t\t<div class=\"elementor-widget-container\">\n\t\t\t\t\t\t\t<div class=\"elementor-accordion\">\n\t\t\t\t\t\t\t<div class=\"elementor-accordion-item\">\n\t\t\t\t\t<div id=\"elementor-tab-title-1351\" class=\"elementor-tab-title\" data-tab=\"1\" role=\"button\" aria-controls=\"elementor-tab-content-1351\" aria-expanded=\"false\">\n\t\t\t\t\t\t\t\t\t\t\t\t\t<span class=\"elementor-accordion-icon elementor-accordion-icon-left\" aria-hidden=\"true\">\n\t\t\t\t\t\t\t\t\t\t\t\t\t\t\t<span class=\"elementor-accordion-icon-closed\"><i class=\"fas fa-plus\"><\/i><\/span>\n\t\t\t\t\t\t\t\t<span class=\"elementor-accordion-icon-opened\"><i class=\"fas fa-minus\"><\/i><\/span>\n\t\t\t\t\t\t\t\t\t\t\t\t\t\t<\/span>\n\t\t\t\t\t\t\t\t\t\t\t\t<a class=\"elementor-accordion-title\" tabindex=\"0\">Pol\u00edticas de cookies e de privacidade<\/a>\n\t\t\t\t\t<\/div>\n\t\t\t\t\t<div id=\"elementor-tab-content-1351\" class=\"elementor-tab-content elementor-clearfix\" data-tab=\"1\" role=\"region\" aria-labelledby=\"elementor-tab-title-1351\"><h5>Objetivo do site<\/h5>\n<p>Este documento cont\u00e9m as condi\u00e7\u00f5es de utiliza\u00e7\u00e3o e os termos em que a Oceancamper coloca o seu site buyminicampers.com \u00e0 disposi\u00e7\u00e3o dos Utilizadores.<\/p>\n<p>Qualquer acesso e uso do site devem estar em conformidade com estas condi\u00e7\u00f5es de uso, a Oceancamper tem o direito de modificar, retificar ou atualizar a qualquer momento. Ao aceder e utilizar o Site buyminicampers.com, o Utilizador aceita, integralmente e sem reservas, todas as disposi\u00e7\u00f5es inclu\u00eddas nos Termos e Condi\u00e7\u00f5es de Utiliza\u00e7\u00e3o. Se, por qualquer motivo, o Usu\u00e1rio n\u00e3o concordar integralmente com as condi\u00e7\u00f5es estabelecidas neste documento, ele n\u00e3o deve aceder\/usar o site.  <\/p>\n<p>O endere\u00e7o do nosso s\u00edtio Web \u00e9: https:\/\/buyminicampers.com<\/p>\n<h5>Editor do site:<\/h5>\n<p>NomadCanguru, Lda.<br \/>Rua Aquilino Ribeiro 124, 8005-177 Faro, Portugal<br \/>Tel: +351 920301044<br \/>buyminicampers.com<br \/>Diretor da publica\u00e7\u00e3o: Nina Solyukova<br \/>Respons\u00e1vel pela reda\u00e7\u00e3o: Nina Solyukova<\/p>\n<h4>Quais dados pessoais coletamos e por que os coletamos<\/h4>\n<h5>Convites para revis\u00e3o e tratamento de dados<\/h5>\n<p>Controlador e Processador de Dados: A Ocean Camper (buyminicampers.com) actua como o controlador de dados dos teus dados pessoais quando envia e-mails de convite para avalia\u00e7\u00e3o atrav\u00e9s de v\u00e1rias plataformas. Estas plataformas, como a Trustpilot, actuam como processadores de dados neste contexto. Ambas as partes garantem que os teus dados s\u00e3o tratados de forma segura e de acordo com a legisla\u00e7\u00e3o aplic\u00e1vel.  <\/p>\n<p>Consentimento e exclus\u00e3o: Ao alugares os nossos parques de campismo, consentes que te enviemos e-mails com convites para revis\u00e3o atrav\u00e9s de diferentes plataformas. Se quiseres optar por n\u00e3o receber estas comunica\u00e7\u00f5es, podes anular a tua inscri\u00e7\u00e3o utilizando a liga\u00e7\u00e3o fornecida no e-mail ou contactar-nos diretamente. <\/p>\n<p>Finalidade da utiliza\u00e7\u00e3o dos dados: Os teus dados pessoais, incluindo o teu endere\u00e7o de e-mail e os detalhes da tua experi\u00eancia de aluguer, ser\u00e3o utilizados apenas para te enviar convites para avalia\u00e7\u00f5es. Estes dados podem ser partilhados com v\u00e1rias plataformas de avalia\u00e7\u00e3o para facilitar este processo e melhorar os nossos servi\u00e7os. <\/p>\n<p>Medidas de prote\u00e7\u00e3o de dados: Implementamos medidas de seguran\u00e7a rigorosas para proteger os teus dados pessoais, tais como encripta\u00e7\u00e3o, controlos de acesso e auditorias de seguran\u00e7a regulares.<\/p>\n<p>Direitos do utilizador: Tens o direito de aceder, corrigir ou eliminar os teus dados pessoais. Se tiveres alguma quest\u00e3o ou d\u00favida sobre os teus dados, contacta-nos. <\/p>\n<h5>M\u00eddias<\/h5>\n<p>Se voc\u00ea enviar imagens para o site, evite enviar imagens com dados de localiza\u00e7\u00e3o incorporados (EXIF GPS). Os visitantes do site podem faze download de quaisquer dados de localiza\u00e7\u00e3o das imagens do site. <\/p>\n<h5>Formul\u00e1rios de contato<\/h5>\n<p>Este site \u00e9 protegido pela reCAPTCHA que aplica a Pol\u00edtica de Privacidade e os Termos de Servi\u00e7o do Google.<\/p>\n<h5>Cookies<\/h5>\n<p>Se voc\u00ea deixar um coment\u00e1rio no nosso site, poder\u00e1 optar por guardar o seu nome, endere\u00e7o de e-mail e site em cookies. Isso \u00e9 para a sua conveni\u00eancia, para que voc\u00ea n\u00e3o precise preencher os seus detalhes novamente ao deixar outro coment\u00e1rio. Estes cookies t\u00eam a dura\u00e7\u00e3o de um ano.<br \/>Se visitares a nossa p\u00e1gina de in\u00edcio de sess\u00e3o, definiremos um cookie tempor\u00e1rio para determinar se o teu browser aceita cookies. Este cookie n\u00e3o cont\u00e9m dados pessoais e \u00e9 descartado quando fecha o navegador.   <\/p>\n<h5>Conte\u00fado incorporado de outros sites<\/h5>\n<p>Os artigos neste site podem incluir conte\u00fado incorporado (por exemplo, v\u00eddeos, imagens, artigos etc.). O conte\u00fado incorporado de outros s\u00edtios Web comporta-se exatamente da mesma forma como se o visitante tivesse visitado o outro s\u00edtio Web.<br \/>Estes s\u00edtios Web podem recolher dados sobre ti, utilizar cookies, incorporar rastreio adicional de terceiros e monitorizar a tua intera\u00e7\u00e3o com esse conte\u00fado incorporado, incluindo o rastreio da tua intera\u00e7\u00e3o com o conte\u00fado incorporado se tiveres uma conta e estiveres ligado a esse s\u00edtio Web. <\/p>\n<h5>Por quanto tempo retemos os seus dados<\/h5>\n<p>Se voc\u00ea deixar um coment\u00e1rio, o coment\u00e1rio e os seus metadados ser\u00e3o retidos indefinidamente. Isto \u00e9 para que possamos reconhecer e aprovar automaticamente quaisquer coment\u00e1rios de seguimento, em vez de os mantermos numa fila de modera\u00e7\u00e3o.<br \/>Para os utilizadores que se registam no nosso s\u00edtio Web (se for o caso), tamb\u00e9m guardamos as informa\u00e7\u00f5es pessoais que fornecem no seu perfil de utilizador. Todos os usu\u00e1rios podem ver, editar ou excluir as suas informa\u00e7\u00f5es pessoais a qualquer momento (exceto o nome de usu\u00e1rio que n\u00e3o podem alterar). Os administradores do site tamb\u00e9m podem ver e editar essas informa\u00e7\u00f5es.   <\/p>\n<\/div>\n\t\t\t\t<\/div>\n\t\t\t\t\t\t\t\t<\/div>\n\t\t\t\t\t\t<\/div>\n\t\t\t\t<\/div>\n\t\t\t\t\t<\/div>\n\t\t<\/div>\n\t\t\t\t\t<\/div>\n\t\t<\/section>\n\t\t\t\t\t<\/div>\n\t\t<\/div>\n\t\t\t\t\t<\/div>\n\t\t<\/section>\n\t\t\t\t<\/div>\n\t\t","protected":false},"excerpt":{"rendered":"<p>Termos e Condi\u00e7\u00f5es Pol\u00edticas de cookies e de privacidade Objetivo do site Este documento cont\u00e9m as condi\u00e7\u00f5es de utiliza\u00e7\u00e3o e os termos em que a Oceancamper coloca o seu site buyminicampers.com \u00e0 disposi\u00e7\u00e3o dos Utilizadores. Qualquer acesso e uso do site devem estar em conformidade com estas condi\u00e7\u00f5es de uso, a Oceancamper tem o direito [&hellip;]<\/p>\n","protected":false},"author":1,"featured_media":0,"parent":0,"menu_order":0,"comment_status":"closed","ping_status":"closed","template":"elementor_header_footer","meta":{"footnotes":""},"class_list":["post-178932","page","type-page","status-publish","hentry"],"aioseo_notices":[],"_links":{"self":[{"href":"https:\/\/buyminicampers.com\/pt-pt\/wp-json\/wp\/v2\/pages\/178932","targetHints":{"allow":["GET"]}}],"collection":[{"href":"https:\/\/buyminicampers.com\/pt-pt\/wp-json\/wp\/v2\/pages"}],"about":[{"href":"https:\/\/buyminicampers.com\/pt-pt\/wp-json\/wp\/v2\/types\/page"}],"author":[{"embeddable":true,"href":"https:\/\/buyminicampers.com\/pt-pt\/wp-json\/wp\/v2\/users\/1"}],"replies":[{"embeddable":true,"href":"https:\/\/buyminicampers.com\/pt-pt\/wp-json\/wp\/v2\/comments?post=178932"}],"version-history":[{"count":1,"href":"https:\/\/buyminicampers.com\/pt-pt\/wp-json\/wp\/v2\/pages\/178932\/revisions"}],"predecessor-version":[{"id":178933,"href":"https:\/\/buyminicampers.com\/pt-pt\/wp-json\/wp\/v2\/pages\/178932\/revisions\/178933"}],"wp:attachment":[{"href":"https:\/\/buyminicampers.com\/pt-pt\/wp-json\/wp\/v2\/media?parent=178932"}],"curies":[{"name":"wp","href":"https:\/\/api.w.org\/{rel}","templated":true}]}}