{"id":178957,"date":"2022-02-16T15:05:24","date_gmt":"2022-02-16T15:05:24","guid":{"rendered":"https:\/\/buyminicampers.com\/villkor-och-anvisningar\/"},"modified":"2025-06-13T09:51:46","modified_gmt":"2025-06-13T09:51:46","slug":"villkor-och-anvisningar","status":"publish","type":"page","link":"https:\/\/buyminicampers.com\/sv\/villkor-och-anvisningar\/","title":{"rendered":"Villkor och anvisningar"},"content":{"rendered":"\t\t<div data-elementor-type=\"wp-page\" data-elementor-id=\"178957\" class=\"elementor elementor-178957 elementor-2783\" data-elementor-post-type=\"page\">\n\t\t\t\t\t\t<section class=\"elementor-section elementor-top-section elementor-element elementor-element-b4d0df9 elementor-section-height-min-height elementor-section-stretched elementor-section-content-middle elementor-section-boxed elementor-section-height-default elementor-section-items-middle\" data-id=\"b4d0df9\" data-element_type=\"section\" data-settings=\"{&quot;stretch_section&quot;:&quot;section-stretched&quot;,&quot;background_background&quot;:&quot;classic&quot;}\">\n\t\t\t\t\t\t\t<div class=\"elementor-background-overlay\"><\/div>\n\t\t\t\t\t\t\t<div class=\"elementor-container elementor-column-gap-default\">\n\t\t\t\t\t<div class=\"elementor-column elementor-col-100 elementor-top-column elementor-element elementor-element-faa13eb\" data-id=\"faa13eb\" data-element_type=\"column\">\n\t\t\t<div class=\"elementor-widget-wrap elementor-element-populated\">\n\t\t\t\t\t\t<div class=\"elementor-element elementor-element-25c194d elementor-widget elementor-widget-heading\" data-id=\"25c194d\" data-element_type=\"widget\" data-widget_type=\"heading.default\">\n\t\t\t\t<div class=\"elementor-widget-container\">\n\t\t\t\t\t<h1 class=\"elementor-heading-title elementor-size-default\">Villkor och anvisningar<\/h1>\t\t\t\t<\/div>\n\t\t\t\t<\/div>\n\t\t\t\t\t<\/div>\n\t\t<\/div>\n\t\t\t\t\t<\/div>\n\t\t<\/section>\n\t\t\t\t<section class=\"elementor-section elementor-top-section elementor-element elementor-element-da7a766 elementor-section-stretched elementor-section-boxed elementor-section-height-default elementor-section-height-default\" data-id=\"da7a766\" data-element_type=\"section\" data-settings=\"{&quot;stretch_section&quot;:&quot;section-stretched&quot;,&quot;background_background&quot;:&quot;classic&quot;}\">\n\t\t\t\t\t\t<div class=\"elementor-container elementor-column-gap-default\">\n\t\t\t\t\t<div class=\"elementor-column elementor-col-100 elementor-top-column elementor-element elementor-element-81c967f\" data-id=\"81c967f\" data-element_type=\"column\">\n\t\t\t<div class=\"elementor-widget-wrap elementor-element-populated\">\n\t\t\t\t\t\t<section class=\"elementor-section elementor-inner-section elementor-element elementor-element-a44bedf elementor-section-boxed elementor-section-height-default elementor-section-height-default\" data-id=\"a44bedf\" data-element_type=\"section\">\n\t\t\t\t\t\t<div class=\"elementor-container elementor-column-gap-default\">\n\t\t\t\t\t<div class=\"elementor-column elementor-col-100 elementor-inner-column elementor-element elementor-element-db8fb3f\" data-id=\"db8fb3f\" data-element_type=\"column\">\n\t\t\t<div class=\"elementor-widget-wrap elementor-element-populated\">\n\t\t\t\t\t\t<div class=\"elementor-element elementor-element-0ce798e elementor-widget elementor-widget-accordion\" data-id=\"0ce798e\" data-element_type=\"widget\" data-widget_type=\"accordion.default\">\n\t\t\t\t<div class=\"elementor-widget-container\">\n\t\t\t\t\t\t\t<div class=\"elementor-accordion\">\n\t\t\t\t\t\t\t<div class=\"elementor-accordion-item\">\n\t\t\t\t\t<div id=\"elementor-tab-title-1351\" class=\"elementor-tab-title\" data-tab=\"1\" role=\"button\" aria-controls=\"elementor-tab-content-1351\" aria-expanded=\"false\">\n\t\t\t\t\t\t\t\t\t\t\t\t\t<span class=\"elementor-accordion-icon elementor-accordion-icon-left\" aria-hidden=\"true\">\n\t\t\t\t\t\t\t\t\t\t\t\t\t\t\t<span class=\"elementor-accordion-icon-closed\"><i class=\"fas fa-plus\"><\/i><\/span>\n\t\t\t\t\t\t\t\t<span class=\"elementor-accordion-icon-opened\"><i class=\"fas fa-minus\"><\/i><\/span>\n\t\t\t\t\t\t\t\t\t\t\t\t\t\t<\/span>\n\t\t\t\t\t\t\t\t\t\t\t\t<a class=\"elementor-accordion-title\" tabindex=\"0\">Policy f\u00f6r cookies och integritetspolicy<\/a>\n\t\t\t\t\t<\/div>\n\t\t\t\t\t<div id=\"elementor-tab-content-1351\" class=\"elementor-tab-content elementor-clearfix\" data-tab=\"1\" role=\"region\" aria-labelledby=\"elementor-tab-title-1351\"><h5>M\u00e5l f\u00f6r webbplatsen<\/h5>\n<p>Detta dokument inneh\u00e5ller anv\u00e4ndningsvillkoren och villkoren enligt vilka Oceancamper g\u00f6r sin webbplats buyminicampers.com tillg\u00e4nglig f\u00f6r anv\u00e4ndare.<\/p>\n<p>All \u00e5tkomst till och anv\u00e4ndning av webbplatsen m\u00e5ste f\u00f6lja dessa anv\u00e4ndarvillkor, som Oceancamper f\u00f6rbeh\u00e5ller sig r\u00e4tten att \u00e4ndra, korrigera eller uppdatera n\u00e4r som helst. N\u00e4r du \u00f6ppnar och anv\u00e4nder webbplatsen buyminicampers.com accepterar anv\u00e4ndaren, helt och utan reservationer, alla best\u00e4mmelser som ing\u00e5r i anv\u00e4ndarvillkoren. Om anv\u00e4ndaren av n\u00e5gon anledning inte helt h\u00e5ller med om de villkor som anges h\u00e4r, b\u00f6r han \/ hon inte komma \u00e5t \/ anv\u00e4nda webbplatsen.  <\/p>\n<p>Adressen till v\u00e5r webbplats \u00e4r: https:\/\/buyminicampers.com<\/p>\n<h5>Redakt\u00f6r f\u00f6r webbplatsen:<\/h5>\n<p>NomadCanguru, Lda.<br \/>Rua Aquilino Ribeiro 124, 8005-177 Faro, Portugal<br \/>Tel: +351 920301044<br \/>buyminicampers.com<br \/>Publication Director: Nina Solyukova<br \/>Ansvarig f\u00f6r skriften: Nina Solyukova<\/p>\n<h4>Vilka personuppgifter vi samlar in och varf\u00f6r vi samlar in dem<\/h4>\n<h5>Inbjudan till granskning och datahantering<\/h5>\n<p>Personuppgiftsansvarig och personuppgiftsbitr\u00e4de: Ocean Camper (buyminicampers.com) fungerar som personuppgiftsansvarig f\u00f6r dina personuppgifter n\u00e4r de skickar e-postmeddelanden med inbjudan till granskning via olika plattformar. Dessa plattformar, till exempel Trustpilot, fungerar som personuppgiftsbitr\u00e4den i detta sammanhang. B\u00e5da parter s\u00e4kerst\u00e4ller att dina uppgifter hanteras p\u00e5 ett s\u00e4kert s\u00e4tt och i enlighet med g\u00e4llande lagar.  <\/p>\n<p>Samtycke och opt-out: Genom att hyra v\u00e5ra campare samtycker du till att f\u00e5 e-postmeddelanden om granskningsinbjudan fr\u00e5n oss via olika plattformar. Om du vill v\u00e4lja bort dessa meddelanden kan du avregistrera dig med hj\u00e4lp av l\u00e4nken i e-postmeddelandet eller kontakta oss direkt. <\/p>\n<p>Syfte med dataanv\u00e4ndning: Dina personuppgifter, inklusive din e-postadress och information om hyresupplevelse, kommer endast att anv\u00e4ndas f\u00f6r att skicka dig granskningsinbjudningar. Dessa uppgifter kan delas med olika granskningsplattformar f\u00f6r att underl\u00e4tta denna process och f\u00f6rb\u00e4ttra v\u00e5ra tj\u00e4nster. <\/p>\n<p>\u00c5tg\u00e4rder f\u00f6r dataskydd: Vi vidtar strikta s\u00e4kerhets\u00e5tg\u00e4rder f\u00f6r att skydda dina personuppgifter, t.ex. kryptering, \u00e5tkomstkontroll och regelbundna s\u00e4kerhetsrevisioner.<\/p>\n<p>Anv\u00e4ndarens r\u00e4ttigheter: Du har r\u00e4tt att f\u00e5 tillg\u00e5ng till, korrigera eller radera dina personuppgifter. Om du har n\u00e5gra fr\u00e5gor eller funderingar om dina uppgifter, v\u00e4nligen kontakta oss. <\/p>\n<h5>Media<\/h5>\n<p>Om du laddar upp bilder till webbplatsen b\u00f6r du undvika att ladda upp bilder med inb\u00e4ddade platsdata (EXIF GPS) inkluderade. Bes\u00f6kare p\u00e5 webbplatsen kan ladda ner och extrahera alla platsdata fr\u00e5n bilder p\u00e5 webbplatsen. <\/p>\n<h5>Kontaktformul\u00e4r<\/h5>\n<p>Den h\u00e4r webbplatsen skyddas av reCAPTCHA och Googles sekretesspolicy och anv\u00e4ndarvillkor g\u00e4ller.<\/p>\n<h5>Kakor<\/h5>\n<p>Om du l\u00e4mnar en kommentar p\u00e5 v\u00e5r webbplats kan du v\u00e4lja att spara ditt namn, e-postadress och webbplats i cookies. Dessa \u00e4r f\u00f6r din bekv\u00e4mlighet s\u00e5 att du inte beh\u00f6ver fylla i dina uppgifter igen n\u00e4r du l\u00e4mnar en annan kommentar. Dessa cookies kommer att vara i ett \u00e5r.<br \/>Om du bes\u00f6ker v\u00e5r inloggningssida kommer vi att s\u00e4tta en tillf\u00e4llig cookie f\u00f6r att avg\u00f6ra om din webbl\u00e4sare accepterar cookies. Den h\u00e4r cookien inneh\u00e5ller inga personuppgifter och raderas n\u00e4r du st\u00e4nger din webbl\u00e4sare.   <\/p>\n<h5>Inb\u00e4ddat inneh\u00e5ll fr\u00e5n andra webbplatser<\/h5>\n<p>Artiklar p\u00e5 denna webbplats kan inneh\u00e5lla inb\u00e4ddat inneh\u00e5ll (t.ex. videor, bilder, artiklar osv.). Inb\u00e4ddat inneh\u00e5ll fr\u00e5n andra webbplatser beter sig p\u00e5 exakt samma s\u00e4tt som om bes\u00f6karen har bes\u00f6kt den andra webbplatsen.<br \/>Dessa webbplatser kan samla in uppgifter om dig, anv\u00e4nda cookies, b\u00e4dda in ytterligare sp\u00e5rning fr\u00e5n tredje part och \u00f6vervaka din interaktion med det inb\u00e4ddade inneh\u00e5llet, inklusive att sp\u00e5ra din interaktion med det inb\u00e4ddade inneh\u00e5llet om du har ett konto och \u00e4r inloggad p\u00e5 den webbplatsen. <\/p>\n<h5>Hur l\u00e4nge vi beh\u00e5ller dina uppgifter<\/h5>\n<p>Om du l\u00e4mnar en kommentar sparas kommentaren och dess metadata p\u00e5 obest\u00e4md tid. Detta \u00e4r f\u00f6r att vi ska kunna k\u00e4nna igen och godk\u00e4nna eventuella uppf\u00f6ljningskommentarer automatiskt ist\u00e4llet f\u00f6r att h\u00e5lla dem i en modereringsk\u00f6.<br \/>F\u00f6r anv\u00e4ndare som registrerar sig p\u00e5 v\u00e5r webbplats (om n\u00e5gon) lagrar vi ocks\u00e5 den personliga information som de tillhandah\u00e5ller i sin anv\u00e4ndarprofil. Alla anv\u00e4ndare kan n\u00e4r som helst se, redigera eller radera sina personuppgifter (f\u00f6rutom att de inte kan \u00e4ndra sitt anv\u00e4ndarnamn). Webbplatsadministrat\u00f6rer kan ocks\u00e5 se och redigera den informationen.   <\/p>\n<\/div>\n\t\t\t\t<\/div>\n\t\t\t\t\t\t\t\t<\/div>\n\t\t\t\t\t\t<\/div>\n\t\t\t\t<\/div>\n\t\t\t\t\t<\/div>\n\t\t<\/div>\n\t\t\t\t\t<\/div>\n\t\t<\/section>\n\t\t\t\t\t<\/div>\n\t\t<\/div>\n\t\t\t\t\t<\/div>\n\t\t<\/section>\n\t\t\t\t<\/div>\n\t\t","protected":false},"excerpt":{"rendered":"<p>Villkor och anvisningar Policy f\u00f6r cookies och integritetspolicy M\u00e5l f\u00f6r webbplatsen Detta dokument inneh\u00e5ller anv\u00e4ndningsvillkoren och villkoren enligt vilka Oceancamper g\u00f6r sin webbplats buyminicampers.com tillg\u00e4nglig f\u00f6r anv\u00e4ndare. All \u00e5tkomst till och anv\u00e4ndning av webbplatsen m\u00e5ste f\u00f6lja dessa anv\u00e4ndarvillkor, som Oceancamper f\u00f6rbeh\u00e5ller sig r\u00e4tten att \u00e4ndra, korrigera eller uppdatera n\u00e4r som helst. N\u00e4r du \u00f6ppnar och [&hellip;]<\/p>\n","protected":false},"author":1,"featured_media":0,"parent":0,"menu_order":0,"comment_status":"closed","ping_status":"closed","template":"elementor_header_footer","meta":{"footnotes":""},"class_list":["post-178957","page","type-page","status-publish","hentry"],"aioseo_notices":[],"_links":{"self":[{"href":"https:\/\/buyminicampers.com\/sv\/wp-json\/wp\/v2\/pages\/178957","targetHints":{"allow":["GET"]}}],"collection":[{"href":"https:\/\/buyminicampers.com\/sv\/wp-json\/wp\/v2\/pages"}],"about":[{"href":"https:\/\/buyminicampers.com\/sv\/wp-json\/wp\/v2\/types\/page"}],"author":[{"embeddable":true,"href":"https:\/\/buyminicampers.com\/sv\/wp-json\/wp\/v2\/users\/1"}],"replies":[{"embeddable":true,"href":"https:\/\/buyminicampers.com\/sv\/wp-json\/wp\/v2\/comments?post=178957"}],"version-history":[{"count":1,"href":"https:\/\/buyminicampers.com\/sv\/wp-json\/wp\/v2\/pages\/178957\/revisions"}],"predecessor-version":[{"id":178958,"href":"https:\/\/buyminicampers.com\/sv\/wp-json\/wp\/v2\/pages\/178957\/revisions\/178958"}],"wp:attachment":[{"href":"https:\/\/buyminicampers.com\/sv\/wp-json\/wp\/v2\/media?parent=178957"}],"curies":[{"name":"wp","href":"https:\/\/api.w.org\/{rel}","templated":true}]}}